{"id":237810,"date":"2024-09-02T10:50:49","date_gmt":"2024-09-02T10:50:49","guid":{"rendered":"https:\/\/www.jolera.com\/politica-de-utilizacao-aceitavel\/"},"modified":"2025-04-15T10:21:31","modified_gmt":"2025-04-15T10:21:31","slug":"politica-de-utilizacao-aceitavel","status":"publish","type":"page","link":"https:\/\/www.jolera.com\/pt-pt\/politica-de-utilizacao-aceitavel\/","title":{"rendered":"Pol\u00edtica de utiliza\u00e7\u00e3o aceit\u00e1vel"},"content":{"rendered":"<p>[et_pb_section fb_built=&#8221;1&#8243; custom_padding_last_edited=&#8221;on|phone&#8221; _builder_version=&#8221;4.27.2&#8243; _module_preset=&#8221;default&#8221; custom_padding=&#8221;200px|32px||32px|false|false&#8221; custom_padding_tablet=&#8221;140px||||false|false&#8221; custom_padding_phone=&#8221;160px||||false|false&#8221; da_disable_devices=&#8221;off|off|off&#8221; global_colors_info=&#8221;{}&#8221; da_is_popup=&#8221;off&#8221; da_exit_intent=&#8221;off&#8221; da_has_close=&#8221;on&#8221; da_alt_close=&#8221;off&#8221; da_dark_close=&#8221;off&#8221; da_not_modal=&#8221;on&#8221; da_is_singular=&#8221;off&#8221; da_with_loader=&#8221;off&#8221; da_has_shadow=&#8221;on&#8221;][et_pb_row custom_padding_last_edited=&#8221;on|tablet&#8221; _builder_version=&#8221;4.27.2&#8243; _module_preset=&#8221;default&#8221; width=&#8221;100%&#8221; width_last_edited=&#8221;off|phone&#8221; custom_padding=&#8221;0px|0px|0px|0px|false|false&#8221; custom_padding_tablet=&#8221;|0px||0px|false|false&#8221; custom_padding_phone=&#8221;|0px||0px|false|false&#8221; global_colors_info=&#8221;{}&#8221;][et_pb_column type=&#8221;4_4&#8243; _builder_version=&#8221;4.27.0&#8243; _module_preset=&#8221;default&#8221; global_colors_info=&#8221;{}&#8221;][et_pb_code _builder_version=&#8221;4.27.2&#8243; _module_preset=&#8221;default&#8221; custom_margin=&#8221;0px||||false|false&#8221; custom_padding=&#8221;0px|0px||0px|false|false&#8221; custom_padding_tablet=&#8221;|0px||0px|false|false&#8221; custom_padding_phone=&#8221;|0px||0px|false|false&#8221; custom_padding_last_edited=&#8221;on|phone&#8221; global_colors_info=&#8221;{}&#8221;]<\/p>\n<div class=\"header-title-container\"><!-- [et_pb_line_break_holder] --><!-- [et_pb_line_break_holder] -->    <\/p>\n<div class=\"header-title-text\"><!-- [et_pb_line_break_holder] -->  Pol\u00edtica de utiliza\u00e7\u00e3o aceit\u00e1vel<!-- [et_pb_line_break_holder] -->      <\/div>\n<p><!-- [et_pb_line_break_holder] -->    <\/div>\n<p><!-- [et_pb_line_break_holder] -->    <!-- [et_pb_line_break_holder] -->    <pee class=\"legal-center-typography\">Data efectiva: 27 de agosto de 2024<\/pee><!-- [et_pb_line_break_holder] -->    <!-- [et_pb_line_break_holder] -->    <pee class=\"legal-center-typography\"><b>A Jolera Inc.<\/b> est\u00e1 empenhada em proporcionar um ambiente seguro e fi\u00e1vel aos seus utilizadores. Esta Pol\u00edtica de Utiliza\u00e7\u00e3o Aceit\u00e1vel (&#8220;PUA&#8221;) estabelece a utiliza\u00e7\u00e3o aceit\u00e1vel dos nossos servi\u00e7os, incluindo o nosso Website, servi\u00e7os na cloud e outras tecnologias relacionadas (coletivamente, os &#8220;Servi\u00e7os&#8221;). Ao utilizar os nossos Servi\u00e7os, concorda em cumprir esta PUA.  <\/pee><!-- [et_pb_line_break_holder] -->    <!-- [et_pb_line_break_holder] -->    <pee class=\"legal-center-blue-title\">OBJETIVO<\/pee><!-- [et_pb_line_break_holder] -->    <pee class=\"legal-center-typography\">O objetivo da presente PUA \u00e9 delinear comportamentos e atividades aceit\u00e1veis e proibidos relacionados com a utiliza\u00e7\u00e3o dos Servi\u00e7os da Jolera. O objetivo \u00e9 garantir a seguran\u00e7a, integridade e disponibilidade dos nossos Servi\u00e7os e manter uma experi\u00eancia positiva para todos os utilizadores. <\/pee><!-- [et_pb_line_break_holder] -->    <!-- [et_pb_line_break_holder] -->    <pee class=\"legal-center-blue-title\">UTILIZA\u00c7\u00c3O ACEIT\u00c1VEL<\/pee><!-- [et_pb_line_break_holder] -->    <pee class=\"legal-center-typography\">Pode utilizar os nossos Servi\u00e7os apenas para fins legais e de acordo com esta PUA. As utiliza\u00e7\u00f5es aceit\u00e1veis incluem: <\/pee><!-- [et_pb_line_break_holder] -->    <\/p>\n<ul class=\"legal-center-typography\"><!-- [et_pb_line_break_holder] -->        <\/p>\n<li class=\"legal-center-typography\">&#8211; Opera\u00e7\u00f5es comerciais: Utilizar os nossos Servi\u00e7os para realizar atividades comerciais leg\u00edtimas.<\/li>\n<p><!-- [et_pb_line_break_holder] -->        <\/p>\n<li class=\"legal-center-typography\">&#8211; Comunica\u00e7\u00e3o: Utilizar os nossos Servi\u00e7os para comunica\u00e7\u00e3o legal com funcion\u00e1rios, clientes e outras partes autorizadas.<\/li>\n<p><!-- [et_pb_line_break_holder] -->        <\/p>\n<li class=\"legal-center-typography\">&#8211; Conformidade: Garantir que a sua utiliza\u00e7\u00e3o dos nossos Servi\u00e7os est\u00e1 em conformidade com todas as leis, regulamentos e obriga\u00e7\u00f5es contratuais aplic\u00e1veis.<\/li>\n<p><!-- [et_pb_line_break_holder] -->    <\/ul>\n<p><!-- [et_pb_line_break_holder] -->    <!-- [et_pb_line_break_holder] -->    <pee class=\"legal-center-blue-title\">UTILIZA\u00c7\u00c3O PROIBIDA<\/pee><!-- [et_pb_line_break_holder] -->    <pee class=\"legal-center-typography\">N\u00e3o deve utilizar os nossos Servi\u00e7os para quaisquer atividades ilegais, prejudiciais ou perturbadoras. As utiliza\u00e7\u00f5es proibidas incluem, mas n\u00e3o est\u00e3o limitadas a: <\/pee><!-- [et_pb_line_break_holder] -->    <\/p>\n<ul class=\"legal-center-typography\"><!-- [et_pb_line_break_holder] -->        <\/p>\n<li class=\"legal-center-typography\">3.1.  <b>Atividades ilegais:<\/b><\/li>\n<p><!-- [et_pb_line_break_holder] -->        <\/p>\n<ul class=\"legal-center-typography\"><!-- [et_pb_line_break_holder] -->            <\/p>\n<li class=\"legal-center-typography\">&#8211; Envolver-se em ou promover atividades ilegais, incluindo, entre outras, fraude, pirataria inform\u00e1tica, roubo de identidade e pirataria.<\/li>\n<p><!-- [et_pb_line_break_holder] -->            <\/p>\n<li class=\"legal-center-typography\">&#8211; Distribuir ou facilitar a distribui\u00e7\u00e3o de conte\u00fados ilegais, incluindo mas n\u00e3o se limitando a software pirata, malware ou material de explora\u00e7\u00e3o infantil.<\/li>\n<p><!-- [et_pb_line_break_holder] -->        <\/ul>\n<p><!-- [et_pb_line_break_holder] -->        <\/p>\n<li class=\"legal-center-typography\">3.2.  <b>Acesso n\u00e3o autorizado:<\/b><\/li>\n<p><!-- [et_pb_line_break_holder] -->        <\/p>\n<ul class=\"legal-center-typography\"><!-- [et_pb_line_break_holder] -->            <\/p>\n<li class=\"legal-center-typography\">&#8211; Tentativa de obter acesso n\u00e3o autorizado a quaisquer sistemas, redes ou dados que n\u00e3o lhe tenham sido expressamente concedidos, incluindo a tentativa de contornar medidas de seguran\u00e7a.<\/li>\n<p><!-- [et_pb_line_break_holder] -->            <\/p>\n<li class=\"legal-center-typography\">&#8211; Utilizar a conta ou as credenciais de outra pessoa sem autoriza\u00e7\u00e3o.<\/li>\n<p><!-- [et_pb_line_break_holder] -->        <\/ul>\n<p><!-- [et_pb_line_break_holder] -->        <\/p>\n<li class=\"legal-center-typography\">3.3.  <b>Viola\u00e7\u00f5es de seguran\u00e7a:<\/b><\/li>\n<p><!-- [et_pb_line_break_holder] -->        <\/p>\n<ul class=\"legal-center-typography\"><!-- [et_pb_line_break_holder] -->            <\/p>\n<li class=\"legal-center-typography\">&#8211; Introduzir malware, v\u00edrus ou outro software malicioso nos nossos sistemas.<\/li>\n<p><!-- [et_pb_line_break_holder] -->            <\/p>\n<li class=\"legal-center-typography\">&#8211; Envolver-se em atividades que perturbem, danifiquem ou interfiram com os nossos Servi\u00e7os ou outros utilizadores, incluindo ataques de nega\u00e7\u00e3o de servi\u00e7o (DoS) ou outras formas de abuso de rede.<\/li>\n<p><!-- [et_pb_line_break_holder] -->        <\/ul>\n<p><!-- [et_pb_line_break_holder] -->        <\/p>\n<li class=\"legal-center-typography\">3.4.  <b>Viola\u00e7\u00e3o da propriedade intelectual:<\/b><\/li>\n<p><!-- [et_pb_line_break_holder] -->        <\/p>\n<ul class=\"legal-center-typography\"><!-- [et_pb_line_break_holder] -->            <\/p>\n<li class=\"legal-center-typography\">&#8211; Utilizar os nossos Servi\u00e7os de uma forma que infrinja os direitos de propriedade intelectual de terceiros, incluindo a utiliza\u00e7\u00e3o ou distribui\u00e7\u00e3o n\u00e3o autorizada de materiais protegidos por direitos de autor.<\/li>\n<p><!-- [et_pb_line_break_holder] -->        <\/ul>\n<p><!-- [et_pb_line_break_holder] -->        <\/p>\n<li class=\"legal-center-typography\">3.5.  <b>Conte\u00fado inaceit\u00e1vel:<\/b><\/li>\n<p><!-- [et_pb_line_break_holder] -->        <\/p>\n<ul class=\"legal-center-typography\"><!-- [et_pb_line_break_holder] -->            <\/p>\n<li class=\"legal-center-typography\">&#8211; Publicar, transmitir ou armazenar conte\u00fado obsceno, difamat\u00f3rio, amea\u00e7ador, assediante ou de outra forma censur\u00e1vel.<\/li>\n<p><!-- [et_pb_line_break_holder] -->            <\/p>\n<li class=\"legal-center-typography\">&#8211; Envolver-se em qualquer forma de ass\u00e9dio, incluindo o envio de comunica\u00e7\u00f5es indesejadas ou n\u00e3o solicitadas.<\/li>\n<p><!-- [et_pb_line_break_holder] -->        <\/ul>\n<p><!-- [et_pb_line_break_holder] -->        <\/p>\n<li class=\"legal-center-typography\">3.6.  <b>Spam e comunica\u00e7\u00f5es n\u00e3o solicitadas:<\/b><\/li>\n<p><!-- [et_pb_line_break_holder] -->        <\/p>\n<ul class=\"legal-center-typography\"><!-- [et_pb_line_break_holder] -->            <\/p>\n<li class=\"legal-center-typography\">&#8211; Enviar e-mails ou mensagens comerciais n\u00e3o solicitadas (spam) ou envolver-se em qualquer forma de abuso de e-mails ou mensagens.<\/li>\n<p><!-- [et_pb_line_break_holder] -->            <\/p>\n<li class=\"legal-center-typography\">&#8211; Utilizar os nossos Servi\u00e7os para recolher, coletar ou armazenar endere\u00e7os de e-mail ou outras informa\u00e7\u00f5es pessoais para comunica\u00e7\u00f5es n\u00e3o solicitadas.<\/li>\n<p><!-- [et_pb_line_break_holder] -->        <\/ul>\n<p><!-- [et_pb_line_break_holder] -->    <\/ul>\n<p><!-- [et_pb_line_break_holder] -->    <!-- [et_pb_line_break_holder] -->    <pee class=\"legal-center-blue-title\">RESPONSABILIDADES DO UTILIZADOR<\/pee><!-- [et_pb_line_break_holder] -->    <pee class=\"legal-center-typography\">Voc\u00ea \u00e9 respons\u00e1vel por:<\/pee><!-- [et_pb_line_break_holder] -->    <\/p>\n<ul class=\"legal-center-typography\"><!-- [et_pb_line_break_holder] -->        <\/p>\n<li class=\"legal-center-typography\">&#8211; <b>Seguran\u00e7a da conta:<\/b> Manter a seguran\u00e7a e a confidencialidade das credenciais da sua conta e notificar-nos imediatamente de qualquer utiliza\u00e7\u00e3o n\u00e3o autorizada ou viola\u00e7\u00e3o de seguran\u00e7a.<\/li>\n<p><!-- [et_pb_line_break_holder] -->        <\/p>\n<li class=\"legal-center-typography\">&#8211; <b>Conformidade:<\/b> Garantir que a sua utiliza\u00e7\u00e3o dos nossos Servi\u00e7os est\u00e1 em conformidade com esta PUA, com as leis aplic\u00e1veis e com quaisquer outros acordos que tenha connosco.<\/li>\n<p><!-- [et_pb_line_break_holder] -->        <\/p>\n<li class=\"legal-center-typography\">&#8211; <b>Monitoriza\u00e7\u00e3o:<\/b> Monitorizar regularmente a sua utiliza\u00e7\u00e3o dos nossos Servi\u00e7os para garantir a conformidade com esta PUA.<\/li>\n<p><!-- [et_pb_line_break_holder] -->    <\/ul>\n<p><!-- [et_pb_line_break_holder] -->    <!-- [et_pb_line_break_holder] -->    <pee class=\"legal-center-blue-title\">APLICA\u00c7\u00c3O E CONSEQU\u00caNCIAS<\/pee><!-- [et_pb_line_break_holder] -->    <pee class=\"legal-center-typography\">Reservamo-nos o direito de investigar quaisquer suspeitas de viola\u00e7\u00e3o desta PUA e de tomar as medidas adequadas, que podem incluir:<\/pee><!-- [et_pb_line_break_holder] -->    <\/p>\n<ul class=\"legal-center-typography\"><!-- [et_pb_line_break_holder] -->        <\/p>\n<li class=\"legal-center-typography\">&#8211; <b>Suspens\u00e3o ou cessa\u00e7\u00e3o:<\/b> Suspender ou terminar o seu acesso aos nossos Servi\u00e7os.<\/li>\n<p><!-- [et_pb_line_break_holder] -->        <\/p>\n<li class=\"legal-center-typography\">&#8211; <b>A\u00e7\u00e3o legal:<\/b> Procurar solu\u00e7\u00f5es legais para quaisquer danos ou perdas incorridos como resultado das suas viola\u00e7\u00f5es.<\/li>\n<p><!-- [et_pb_line_break_holder] -->        <\/p>\n<li class=\"legal-center-typography\">&#8211; <b>Notifica\u00e7\u00e3o:<\/b> Notific\u00e1-lo de qualquer a\u00e7\u00e3o tomada e dar-lhe uma oportunidade razo\u00e1vel de responder a alega\u00e7\u00f5es de viola\u00e7\u00f5es.<\/li>\n<p><!-- [et_pb_line_break_holder] -->    <\/ul>\n<p><!-- [et_pb_line_break_holder] -->    <!-- [et_pb_line_break_holder] -->    <pee class=\"legal-center-blue-title\">COMUNICA\u00c7\u00c3O DE INFRAC\u00c7\u00d5ES<\/pee><!-- [et_pb_line_break_holder] -->    <pee class=\"legal-center-typography\">Se tiver conhecimento de quaisquer viola\u00e7\u00f5es desta PUA ou se tiver preocupa\u00e7\u00f5es sobre a utiliza\u00e7\u00e3o dos nossos Servi\u00e7os, comunique-nos essas viola\u00e7\u00f5es atrav\u00e9s do endere\u00e7o<\/pee><!-- [et_pb_line_break_holder] -->    <pee class=\"legal-center-typography\">Jolera Inc.<\/pee><!-- [et_pb_line_break_holder] -->    <pee><a class=\"legal-center-blue-link\" href=\"mailto:info@jolera.com\">info@jolera.com<\/a><pee><!-- [et_pb_line_break_holder] -->    <pee class=\"legal-center-typography\">+1 416 410-1011 ou +351 226 000 110<\/pee><!-- [et_pb_line_break_holder] -->    <!-- [et_pb_line_break_holder] -->    <pee class=\"legal-center-blue-title\">ALTERA\u00c7\u00c3O DA PRESENTE POL\u00cdTICA<\/pee><!-- [et_pb_line_break_holder] -->    <pee class=\"legal-center-typography\">Poderemos atualizar esta PUA periodicamente para refletir altera\u00e7\u00f5es nas nossas pr\u00e1ticas ou requisitos legais. Iremos notific\u00e1-lo de quaisquer altera\u00e7\u00f5es materiais, publicando a pol\u00edtica atualizada no nosso Website com uma data de entrada em vigor atualizada. A sua utiliza\u00e7\u00e3o continuada dos nossos Servi\u00e7os ap\u00f3s a data efetiva de quaisquer altera\u00e7\u00f5es constitui a sua aceita\u00e7\u00e3o da PUA revista.  <\/pee><!-- [et_pb_line_break_holder] -->    <!-- [et_pb_line_break_holder] -->    <pee class=\"legal-center-blue-title\">INFORMA\u00c7\u00d5ES DE CONTATO<\/pee><!-- [et_pb_line_break_holder] -->    <pee class=\"legal-center-typography\">Se tiver alguma d\u00favida sobre esta Pol\u00edtica de Utiliza\u00e7\u00e3o Aceit\u00e1vel ou se necessitar de mais informa\u00e7\u00f5es, contate-nos atrav\u00e9s de:<!\u2013- [et_pb_br_holder] -\u2013><!-- [et_pb_line_break_holder] --><a class=\"legal-center-blue-link\" href=\"mailto:info@jolera.com\">info@jolera.com<\/a><\/pee><!-- [et_pb_line_break_holder] --><!-- [et_pb_line_break_holder] -->    <pee class=\"legal-center-typography\">Jolera Inc.<!\u2013- [et_pb_br_holder] -\u2013><!-- [et_pb_line_break_holder] --> 365 Bloor St E 2nd floor<!\u2013- [et_pb_br_holder] -\u2013><!-- [et_pb_line_break_holder] --> Toronto, ON M4W 3L4, Canad\u00e1<!\u2013- [et_pb_br_holder] -\u2013><!-- [et_pb_line_break_holder] --> +1 416 410-1011<\/pee><!-- [et_pb_line_break_holder] -->    <!-- [et_pb_line_break_holder] -->    <pee class=\"legal-center-typography\">Ou<\/pee><!-- [et_pb_line_break_holder] -->    <!-- [et_pb_line_break_holder] -->    <pee class=\"legal-center-typography\">Jolera Inc.<!\u2013- [et_pb_br_holder] -\u2013><!-- [et_pb_line_break_holder] --> Av. da Boavista 2099 <!\u2013- [et_pb_br_holder] -\u2013><!-- [et_pb_line_break_holder] --> 4100-100 Porto, Portugal<!\u2013- [et_pb_br_holder] -\u2013><!-- [et_pb_line_break_holder] -->  +351 226 000 110<\/pee><!-- [et_pb_line_break_holder] -->[\/et_pb_code][\/et_pb_column][\/et_pb_row][\/et_pb_section]<\/p>\n","protected":false},"excerpt":{"rendered":"","protected":false},"author":1,"featured_media":0,"parent":0,"menu_order":0,"comment_status":"closed","ping_status":"closed","template":"","meta":{"_et_pb_use_builder":"on","_et_pb_old_content":"","_et_gb_content_width":"","inline_featured_image":false,"footnotes":""},"class_list":["post-237810","page","type-page","status-publish","hentry"],"yoast_head":"<!-- This site is optimized with the Yoast SEO plugin v27.4 - https:\/\/yoast.com\/product\/yoast-seo-wordpress\/ -->\n<title>Pol\u00edtica de Utiliza\u00e7\u00e3o Aceit\u00e1vel | Jolera<\/title>\n<meta name=\"description\" content=\"Consulte a Pol\u00edtica de Utiliza\u00e7\u00e3o Aceit\u00e1vel da Jolera para conhecer as regras de uso adequado dos nossos servi\u00e7os e infraestruturas.\" \/>\n<meta name=\"robots\" content=\"index, follow, max-snippet:-1, max-image-preview:large, max-video-preview:-1\" \/>\n<link rel=\"canonical\" href=\"https:\/\/www.jolera.com\/pt-pt\/politica-de-utilizacao-aceitavel\/\" \/>\n<meta property=\"og:locale\" content=\"pt_PT\" \/>\n<meta property=\"og:type\" content=\"article\" \/>\n<meta property=\"og:title\" content=\"Pol\u00edtica de Utiliza\u00e7\u00e3o Aceit\u00e1vel | Jolera\" \/>\n<meta property=\"og:description\" content=\"Consulte a Pol\u00edtica de Utiliza\u00e7\u00e3o Aceit\u00e1vel da Jolera para conhecer as regras de uso adequado dos nossos servi\u00e7os e infraestruturas.\" \/>\n<meta property=\"og:url\" content=\"https:\/\/www.jolera.com\/pt-pt\/politica-de-utilizacao-aceitavel\/\" \/>\n<meta property=\"og:site_name\" content=\"Jolera\" \/>\n<meta property=\"article:publisher\" content=\"https:\/\/www.facebook.com\/jolerainc\/\" \/>\n<meta property=\"article:modified_time\" content=\"2025-04-15T10:21:31+00:00\" \/>\n<meta name=\"twitter:card\" content=\"summary_large_image\" \/>\n<meta name=\"twitter:site\" content=\"@jolera\" \/>\n<meta name=\"twitter:label1\" content=\"Tempo estimado de leitura\" \/>\n\t<meta name=\"twitter:data1\" content=\"4 minutos\" \/>\n<script type=\"application\/ld+json\" class=\"yoast-schema-graph\">{\"@context\":\"https:\\\/\\\/schema.org\",\"@graph\":[{\"@type\":\"WebPage\",\"@id\":\"https:\\\/\\\/www.jolera.com\\\/pt-pt\\\/politica-de-utilizacao-aceitavel\\\/\",\"url\":\"https:\\\/\\\/www.jolera.com\\\/pt-pt\\\/politica-de-utilizacao-aceitavel\\\/\",\"name\":\"Pol\u00edtica de Utiliza\u00e7\u00e3o Aceit\u00e1vel | Jolera\",\"isPartOf\":{\"@id\":\"https:\\\/\\\/www.jolera.com\\\/pt-pt\\\/#website\"},\"datePublished\":\"2024-09-02T10:50:49+00:00\",\"dateModified\":\"2025-04-15T10:21:31+00:00\",\"description\":\"Consulte a Pol\u00edtica de Utiliza\u00e7\u00e3o Aceit\u00e1vel da Jolera para conhecer as regras de uso adequado dos nossos servi\u00e7os e infraestruturas.\",\"breadcrumb\":{\"@id\":\"https:\\\/\\\/www.jolera.com\\\/pt-pt\\\/politica-de-utilizacao-aceitavel\\\/#breadcrumb\"},\"inLanguage\":\"pt-PT\",\"potentialAction\":[{\"@type\":\"ReadAction\",\"target\":[\"https:\\\/\\\/www.jolera.com\\\/pt-pt\\\/politica-de-utilizacao-aceitavel\\\/\"]}]},{\"@type\":\"BreadcrumbList\",\"@id\":\"https:\\\/\\\/www.jolera.com\\\/pt-pt\\\/politica-de-utilizacao-aceitavel\\\/#breadcrumb\",\"itemListElement\":[{\"@type\":\"ListItem\",\"position\":1,\"name\":\"Home\",\"item\":\"https:\\\/\\\/www.jolera.com\\\/pt-pt\\\/\"},{\"@type\":\"ListItem\",\"position\":2,\"name\":\"Pol\u00edtica de utiliza\u00e7\u00e3o aceit\u00e1vel\"}]},{\"@type\":\"WebSite\",\"@id\":\"https:\\\/\\\/www.jolera.com\\\/pt-pt\\\/#website\",\"url\":\"https:\\\/\\\/www.jolera.com\\\/pt-pt\\\/\",\"name\":\"Global Systems Integrator \u2013 IT & Cybersecurity\",\"description\":\"Global Systems Integrator\",\"publisher\":{\"@id\":\"https:\\\/\\\/www.jolera.com\\\/pt-pt\\\/#organization\"},\"potentialAction\":[{\"@type\":\"SearchAction\",\"target\":{\"@type\":\"EntryPoint\",\"urlTemplate\":\"https:\\\/\\\/www.jolera.com\\\/pt-pt\\\/?s={search_term_string}\"},\"query-input\":{\"@type\":\"PropertyValueSpecification\",\"valueRequired\":true,\"valueName\":\"search_term_string\"}}],\"inLanguage\":\"pt-PT\"},{\"@type\":\"Organization\",\"@id\":\"https:\\\/\\\/www.jolera.com\\\/pt-pt\\\/#organization\",\"name\":\"Jolera\",\"url\":\"https:\\\/\\\/www.jolera.com\\\/pt-pt\\\/\",\"logo\":{\"@type\":\"ImageObject\",\"inLanguage\":\"pt-PT\",\"@id\":\"https:\\\/\\\/www.jolera.com\\\/pt-pt\\\/#\\\/schema\\\/logo\\\/image\\\/\",\"url\":\"https:\\\/\\\/www.jolera.com\\\/wp-content\\\/uploads\\\/2024\\\/10\\\/Jolera-logo-blue-sq.png\",\"contentUrl\":\"https:\\\/\\\/www.jolera.com\\\/wp-content\\\/uploads\\\/2024\\\/10\\\/Jolera-logo-blue-sq.png\",\"width\":400,\"height\":400,\"caption\":\"Jolera\"},\"image\":{\"@id\":\"https:\\\/\\\/www.jolera.com\\\/pt-pt\\\/#\\\/schema\\\/logo\\\/image\\\/\"},\"sameAs\":[\"https:\\\/\\\/www.facebook.com\\\/jolerainc\\\/\",\"https:\\\/\\\/x.com\\\/jolera\",\"https:\\\/\\\/www.instagram.com\\\/jolerainc\\\/\",\"https:\\\/\\\/www.linkedin.com\\\/company\\\/jolera\\\/\",\"https:\\\/\\\/www.youtube.com\\\/@JoleraTV\"]}]}<\/script>\n<!-- \/ Yoast SEO plugin. -->","yoast_head_json":{"title":"Pol\u00edtica de Utiliza\u00e7\u00e3o Aceit\u00e1vel | Jolera","description":"Consulte a Pol\u00edtica de Utiliza\u00e7\u00e3o Aceit\u00e1vel da Jolera para conhecer as regras de uso adequado dos nossos servi\u00e7os e infraestruturas.","robots":{"index":"index","follow":"follow","max-snippet":"max-snippet:-1","max-image-preview":"max-image-preview:large","max-video-preview":"max-video-preview:-1"},"canonical":"https:\/\/www.jolera.com\/pt-pt\/politica-de-utilizacao-aceitavel\/","og_locale":"pt_PT","og_type":"article","og_title":"Pol\u00edtica de Utiliza\u00e7\u00e3o Aceit\u00e1vel | Jolera","og_description":"Consulte a Pol\u00edtica de Utiliza\u00e7\u00e3o Aceit\u00e1vel da Jolera para conhecer as regras de uso adequado dos nossos servi\u00e7os e infraestruturas.","og_url":"https:\/\/www.jolera.com\/pt-pt\/politica-de-utilizacao-aceitavel\/","og_site_name":"Jolera","article_publisher":"https:\/\/www.facebook.com\/jolerainc\/","article_modified_time":"2025-04-15T10:21:31+00:00","twitter_card":"summary_large_image","twitter_site":"@jolera","twitter_misc":{"Tempo estimado de leitura":"4 minutos"},"schema":{"@context":"https:\/\/schema.org","@graph":[{"@type":"WebPage","@id":"https:\/\/www.jolera.com\/pt-pt\/politica-de-utilizacao-aceitavel\/","url":"https:\/\/www.jolera.com\/pt-pt\/politica-de-utilizacao-aceitavel\/","name":"Pol\u00edtica de Utiliza\u00e7\u00e3o Aceit\u00e1vel | Jolera","isPartOf":{"@id":"https:\/\/www.jolera.com\/pt-pt\/#website"},"datePublished":"2024-09-02T10:50:49+00:00","dateModified":"2025-04-15T10:21:31+00:00","description":"Consulte a Pol\u00edtica de Utiliza\u00e7\u00e3o Aceit\u00e1vel da Jolera para conhecer as regras de uso adequado dos nossos servi\u00e7os e infraestruturas.","breadcrumb":{"@id":"https:\/\/www.jolera.com\/pt-pt\/politica-de-utilizacao-aceitavel\/#breadcrumb"},"inLanguage":"pt-PT","potentialAction":[{"@type":"ReadAction","target":["https:\/\/www.jolera.com\/pt-pt\/politica-de-utilizacao-aceitavel\/"]}]},{"@type":"BreadcrumbList","@id":"https:\/\/www.jolera.com\/pt-pt\/politica-de-utilizacao-aceitavel\/#breadcrumb","itemListElement":[{"@type":"ListItem","position":1,"name":"Home","item":"https:\/\/www.jolera.com\/pt-pt\/"},{"@type":"ListItem","position":2,"name":"Pol\u00edtica de utiliza\u00e7\u00e3o aceit\u00e1vel"}]},{"@type":"WebSite","@id":"https:\/\/www.jolera.com\/pt-pt\/#website","url":"https:\/\/www.jolera.com\/pt-pt\/","name":"Global Systems Integrator \u2013 IT & Cybersecurity","description":"Global Systems Integrator","publisher":{"@id":"https:\/\/www.jolera.com\/pt-pt\/#organization"},"potentialAction":[{"@type":"SearchAction","target":{"@type":"EntryPoint","urlTemplate":"https:\/\/www.jolera.com\/pt-pt\/?s={search_term_string}"},"query-input":{"@type":"PropertyValueSpecification","valueRequired":true,"valueName":"search_term_string"}}],"inLanguage":"pt-PT"},{"@type":"Organization","@id":"https:\/\/www.jolera.com\/pt-pt\/#organization","name":"Jolera","url":"https:\/\/www.jolera.com\/pt-pt\/","logo":{"@type":"ImageObject","inLanguage":"pt-PT","@id":"https:\/\/www.jolera.com\/pt-pt\/#\/schema\/logo\/image\/","url":"https:\/\/www.jolera.com\/wp-content\/uploads\/2024\/10\/Jolera-logo-blue-sq.png","contentUrl":"https:\/\/www.jolera.com\/wp-content\/uploads\/2024\/10\/Jolera-logo-blue-sq.png","width":400,"height":400,"caption":"Jolera"},"image":{"@id":"https:\/\/www.jolera.com\/pt-pt\/#\/schema\/logo\/image\/"},"sameAs":["https:\/\/www.facebook.com\/jolerainc\/","https:\/\/x.com\/jolera","https:\/\/www.instagram.com\/jolerainc\/","https:\/\/www.linkedin.com\/company\/jolera\/","https:\/\/www.youtube.com\/@JoleraTV"]}]}},"_links":{"self":[{"href":"https:\/\/www.jolera.com\/pt-pt\/wp-json\/wp\/v2\/pages\/237810","targetHints":{"allow":["GET"]}}],"collection":[{"href":"https:\/\/www.jolera.com\/pt-pt\/wp-json\/wp\/v2\/pages"}],"about":[{"href":"https:\/\/www.jolera.com\/pt-pt\/wp-json\/wp\/v2\/types\/page"}],"author":[{"embeddable":true,"href":"https:\/\/www.jolera.com\/pt-pt\/wp-json\/wp\/v2\/users\/1"}],"replies":[{"embeddable":true,"href":"https:\/\/www.jolera.com\/pt-pt\/wp-json\/wp\/v2\/comments?post=237810"}],"version-history":[{"count":0,"href":"https:\/\/www.jolera.com\/pt-pt\/wp-json\/wp\/v2\/pages\/237810\/revisions"}],"wp:attachment":[{"href":"https:\/\/www.jolera.com\/pt-pt\/wp-json\/wp\/v2\/media?parent=237810"}],"curies":[{"name":"wp","href":"https:\/\/api.w.org\/{rel}","templated":true}]}}