{"id":237807,"date":"2024-09-02T10:33:29","date_gmt":"2024-09-02T10:33:29","guid":{"rendered":"https:\/\/www.jolera.com\/declaracao-de-conformidade-com-o-rgpd\/"},"modified":"2025-04-15T10:20:12","modified_gmt":"2025-04-15T10:20:12","slug":"declaracao-de-conformidade-com-o-rgpd","status":"publish","type":"page","link":"https:\/\/www.jolera.com\/pt-pt\/declaracao-de-conformidade-com-o-rgpd\/","title":{"rendered":"Declara\u00e7\u00e3o de conformidade com o RGPD"},"content":{"rendered":"<p>[et_pb_section fb_built=&#8221;1&#8243; custom_padding_last_edited=&#8221;on|phone&#8221; _builder_version=&#8221;4.27.2&#8243; _module_preset=&#8221;default&#8221; custom_padding=&#8221;200px|32px||32px|false|false&#8221; custom_padding_tablet=&#8221;140px||||false|false&#8221; custom_padding_phone=&#8221;140px||||false|false&#8221; da_disable_devices=&#8221;off|off|off&#8221; global_colors_info=&#8221;{}&#8221; da_is_popup=&#8221;off&#8221; da_exit_intent=&#8221;off&#8221; da_has_close=&#8221;on&#8221; da_alt_close=&#8221;off&#8221; da_dark_close=&#8221;off&#8221; da_not_modal=&#8221;on&#8221; da_is_singular=&#8221;off&#8221; da_with_loader=&#8221;off&#8221; da_has_shadow=&#8221;on&#8221;][et_pb_row custom_padding_last_edited=&#8221;on|phone&#8221; _builder_version=&#8221;4.27.2&#8243; _module_preset=&#8221;default&#8221; width=&#8221;100%&#8221; custom_padding=&#8221;0px||||false|false&#8221; custom_padding_tablet=&#8221;&#8221; custom_padding_phone=&#8221;|0px||0px|false|false&#8221; global_colors_info=&#8221;{}&#8221;][et_pb_column type=&#8221;4_4&#8243; _builder_version=&#8221;4.27.0&#8243; _module_preset=&#8221;default&#8221; global_colors_info=&#8221;{}&#8221;][et_pb_code _builder_version=&#8221;4.27.2&#8243; _module_preset=&#8221;default&#8221; custom_margin=&#8221;0px||||false|false&#8221; custom_padding=&#8221;0px|0px||0px|false|false&#8221; custom_padding_tablet=&#8221;|0px||0px|false|false&#8221; custom_padding_phone=&#8221;|0px||0px|false|false&#8221; custom_padding_last_edited=&#8221;on|phone&#8221; global_colors_info=&#8221;{}&#8221;]<\/p>\n<div class=\"header-title-container\"><!-- [et_pb_line_break_holder] --><!-- [et_pb_line_break_holder] --><\/p>\n<div class=\"header-title-text\"><!-- [et_pb_line_break_holder] -->Declara\u00e7\u00e3o de conformidade com o RGPD<!-- [et_pb_line_break_holder] --><\/div>\n<p><!-- [et_pb_line_break_holder] --><!-- [et_pb_line_break_holder] --><!-- [et_pb_line_break_holder] --><\/div>\n<p><!-- [et_pb_line_break_holder] --><!-- [et_pb_line_break_holder] --><!-- [et_pb_line_break_holder] --><pee class=\"legal-center-typography\">Data efectiva: 27 de agosto de 2024<\/pee><!-- [et_pb_line_break_holder] --><!-- [et_pb_line_break_holder] --><!-- [et_pb_line_break_holder] --><pee class=\"legal-center-typography\"><b>A Jolera Inc.<\/b> est\u00e1 empenhada em proteger os seus dados pessoais e em cumprir o Regulamento Geral sobre a Prote\u00e7\u00e3o de Dados (RGPD). Esta Declara\u00e7\u00e3o de Conformidade com o RGPD descreve como tratamos os dados pessoais de acordo com o RGPD e os seus direitos relativamente aos seus dados. <!-- [et_pb_line_break_holder] --><!-- [et_pb_line_break_holder] --><!-- [et_pb_line_break_holder] --><!-- [et_pb_line_break_holder] --><\/pee><pee class=\"legal-center-blue-title\">CONTROLADOR DE DADOS<\/pee><!-- [et_pb_line_break_holder] --><!-- [et_pb_line_break_holder] --><!-- [et_pb_line_break_holder] --><pee class=\"legal-center-typography\"><b>A Jolera Inc.<\/b> \u00e9 o controlador de dados respons\u00e1vel pelos seus dados pessoais.<\/pee><!-- [et_pb_line_break_holder] --><!-- [et_pb_line_break_holder] --><pee class=\"legal-center-blue-title\">TIPOS DE DADOS PESSOAIS QUE RECOLHEMOS<\/pee><!-- [et_pb_line_break_holder] --><!-- [et_pb_line_break_holder] --><pee class=\"legal-center-typography\">Podemos recolher e processar os seguintes tipos de dados pessoais:<\/pee><!-- [et_pb_line_break_holder] --><!-- [et_pb_line_break_holder] --><\/p>\n<ul class=\"legal-center-typography\"><!-- [et_pb_line_break_holder] -->    <\/p>\n<li class=\"legal-center-typography\"><b>&#8211; Informa\u00e7\u00f5es de contacto:<\/b> Nome, endere\u00e7o eletr\u00f3nico, n\u00famero de telefone, endere\u00e7o postal e cargo.<\/li>\n<p><!-- [et_pb_line_break_holder] -->    <\/p>\n<li class=\"legal-center-typography\"><b>&#8211; Informa\u00e7\u00f5es da conta:<\/b> Nomes de utilizador, palavras-passe e outras credenciais de in\u00edcio de sess\u00e3o.<\/li>\n<p><!-- [et_pb_line_break_holder] -->    <\/p>\n<li class=\"legal-center-typography\">&#8211; <b>Informa\u00e7\u00f5es de fatura\u00e7\u00e3o:<\/b> Detalhes de pagamento e hist\u00f3rico de transac\u00e7\u00f5es.<\/li>\n<p><!-- [et_pb_line_break_holder] -->    <\/p>\n<li class=\"legal-center-typography\"><b>&#8211; Informa\u00e7\u00f5es de comunica\u00e7\u00e3o:<\/b> Registos da sua comunica\u00e7\u00e3o connosco, tais como e-mails, registos de conversa\u00e7\u00e3o e chamadas telef\u00f3nicas.<\/li>\n<p><!-- [et_pb_line_break_holder] -->    <\/p>\n<li class=\"legal-center-typography\"><b>&#8211; Dados de utiliza\u00e7\u00e3o:<\/b> Informa\u00e7\u00f5es sobre a sua utiliza\u00e7\u00e3o do nosso website e servi\u00e7os, incluindo o endere\u00e7o IP, o tipo de browser e as p\u00e1ginas visitadas.<\/li>\n<p><!-- [et_pb_line_break_holder] --><\/ul>\n<p><!-- [et_pb_line_break_holder] --><!-- [et_pb_line_break_holder] --><!-- [et_pb_line_break_holder] --><!-- [et_pb_line_break_holder] --><pee class=\"legal-center-blue-title\">OBJETIVOS DO TRATAMENTO DE DADOS PESSOAIS<\/pee><!-- [et_pb_line_break_holder] --><!-- [et_pb_line_break_holder] --><!-- [et_pb_line_break_holder] --><pee class=\"legal-center-typography\">Processamos dados pessoais para os seguintes fins:<\/pee><!-- [et_pb_line_break_holder] --><!-- [et_pb_line_break_holder] --><\/p>\n<ul class=\"legal-center-typography\"><!-- [et_pb_line_break_holder] -->    <\/p>\n<li class=\"legal-center-typography\">&#8211; <b>Para fornecer e gerir os nossos servi\u00e7os:<\/b> o cumprir contratos, processar transac\u00e7\u00f5es e fornecer apoio ao cliente.<\/li>\n<p><!-- [et_pb_line_break_holder] -->    <\/p>\n<li class=\"legal-center-typography\"><b>&#8211; Para melhorar o nosso Website e os nossos servi\u00e7os:<\/b> Para analisar a utiliza\u00e7\u00e3o e o desempenho para melhorar a experi\u00eancia do utilizador e desenvolver novos servi\u00e7os.<\/li>\n<p><!-- [et_pb_line_break_holder] -->    <\/p>\n<li class=\"legal-center-typography\">&#8211; <b>Para comunicar consigo:<\/b> Para enviar notifica\u00e7\u00f5es, actualiza\u00e7\u00f5es e comunica\u00e7\u00f5es de marketing (se tiver dado o seu consentimento).<\/li>\n<p><!-- [et_pb_line_break_holder] -->    <\/p>\n<li class=\"legal-center-typography\"><b>&#8211; Para garantir a conformidade e a seguran\u00e7a:<\/b> Registos da sua comunica\u00e7\u00e3o connosco, tais como e-mails, registos de conversa\u00e7\u00e3o e chamadas telef\u00f3nicas.<\/li>\n<p><!-- [et_pb_line_break_holder] --><!-- [et_pb_line_break_holder] --><\/ul>\n<p><!-- [et_pb_line_break_holder] --><!-- [et_pb_line_break_holder] --><pee class=\"legal-center-blue-title\">BASE JUR\u00cdDICA DO TRATAMENTO<\/pee><!-- [et_pb_line_break_holder] --><!-- [et_pb_line_break_holder] --><pee class=\"legal-center-typography\">Ao abrigo do RGPD, baseamo-nos nas seguintes bases legais para processar os seus dados pessoais:<\/pee><!-- [et_pb_line_break_holder] --><!-- [et_pb_line_break_holder] --><\/p>\n<ul class=\"legal-center-typography\"><!-- [et_pb_line_break_holder] -->    <\/p>\n<li class=\"legal-center-typography\"><b>&#8211; Consentimento:<\/b> Quando tiver dado o seu consentimento para actividades de processamento espec\u00edficas.<\/li>\n<p><!-- [et_pb_line_break_holder] -->    <\/p>\n<li class=\"legal-center-typography\"><b>&#8211; Necessidade contratual:<\/b> Quando o tratamento \u00e9 necess\u00e1rio para a execu\u00e7\u00e3o de um contrato consigo ou para tomar medidas a seu pedido antes de celebrar esse contrato.<\/li>\n<p><!-- [et_pb_line_break_holder] -->    <\/p>\n<li class=\"legal-center-typography\"><b>&#8211; Obriga\u00e7\u00e3o legal:<\/b> Quando o processamento \u00e9 necess\u00e1rio para cumprir uma obriga\u00e7\u00e3o legal.<\/li>\n<p><!-- [et_pb_line_break_holder] -->    <\/p>\n<li class=\"legal-center-typography\"><b>&#8211; Interesses leg\u00edtimos:<\/b> Quando o processamento \u00e9 necess\u00e1rio para os nossos interesses leg\u00edtimos, desde que esses interesses n\u00e3o sejam sobrepostos pelos seus direitos e interesses.<\/li>\n<p><!-- [et_pb_line_break_holder] --><\/ul>\n<p><!-- [et_pb_line_break_holder] --><!-- [et_pb_line_break_holder] --><pee class=\"legal-center-blue-title\">RETEN\u00c7\u00c3O DE DADOS<\/pee><!-- [et_pb_line_break_holder] --><pee class=\"legal-center-typography\">Conservamos os dados pessoais durante o tempo necess\u00e1rio para cumprir as finalidades para as quais foram recolhidos, incluindo o cumprimento de requisitos legais, contabil\u00edsticos ou de comunica\u00e7\u00e3o. Os per\u00edodos de reten\u00e7\u00e3o de dados s\u00e3o determinados com base na natureza dos dados e nos requisitos legais aplic\u00e1veis. <\/pee><!-- [et_pb_line_break_holder] --><!-- [et_pb_line_break_holder] --><!-- [et_pb_line_break_holder] --><pee class=\"legal-center-blue-title\">OS SEUS DIREITOS AO ABRIGO DO GDPR<\/pee><!-- [et_pb_line_break_holder] --><!-- [et_pb_line_break_holder] --><pee class=\"legal-center-typography\">Tem os seguintes direitos relativamente aos seus dados pessoais:<\/pee><!-- [et_pb_line_break_holder] --><!-- [et_pb_line_break_holder] --><\/p>\n<ul class=\"legal-center-typography\"><!-- [et_pb_line_break_holder] -->    <\/p>\n<li class=\"legal-center-typography\"><b>&#8211; Direito de acesso:<\/b> Pode solicitar o acesso aos dados pessoais que temos sobre si.<\/li>\n<p><!-- [et_pb_line_break_holder] -->    <\/p>\n<li class=\"legal-center-typography\"><b>&#8211; Direito de retifica\u00e7\u00e3o:<\/b> Pode solicitar a corre\u00e7\u00e3o ou atualiza\u00e7\u00e3o de dados pessoais inexactos ou incompletos.<\/li>\n<p><!-- [et_pb_line_break_holder] -->    <\/p>\n<li class=\"legal-center-typography\">&#8211; <b>Direito de apagamento:<\/b> Pode solicitar a remo\u00e7\u00e3o dos seus dados pessoais em determinadas condi\u00e7\u00f5es.<\/li>\n<p><!-- [et_pb_line_break_holder] -->    <\/p>\n<li class=\"legal-center-typography\"><b>&#8211; Direito de restringir o processamento:<\/b> Pode solicitar a restri\u00e7\u00e3o do processamento dos seus dados pessoais em determinadas condi\u00e7\u00f5es.<\/li>\n<p><!-- [et_pb_line_break_holder] -->    <\/p>\n<li class=\"legal-center-typography\"><b>&#8211; Direito \u00e0 portabilidade dos dados:<\/b> Pode solicitar uma c\u00f3pia dos seus dados pessoais num formato estruturado, habitualmente utilizado e leg\u00edvel por m\u00e1quina.<\/li>\n<p><!-- [et_pb_line_break_holder] -->    <\/p>\n<li class=\"legal-center-typography\"><b>&#8211; Direito de oposi\u00e7\u00e3o:<\/b> Pode opor-se ao tratamento dos seus dados pessoais com base em interesses leg\u00edtimos ou para fins de marketing direto.<\/li>\n<p><!-- [et_pb_line_break_holder] -->    <\/p>\n<li class=\"legal-center-typography\"><b>&#8211; Direito de retirar o consentimento:<\/b> Quando o processamento se baseia no consentimento, tem o direito de retirar o seu consentimento em qualquer altura.<\/li>\n<p><!-- [et_pb_line_break_holder] --><\/ul>\n<p><!-- [et_pb_line_break_holder] --><!-- [et_pb_line_break_holder] --><pee class=\"legal-center-typography\">Para exercer os seus direitos, contacte-nos atrav\u00e9s do seguinte endere\u00e7o<\/pee><!-- [et_pb_line_break_holder] --><!-- [et_pb_line_break_holder] --><a class=\"legal-center-blue-link\" href=\"mailto:info@jolera.com\">info@jolera.com<\/a><!-- [et_pb_line_break_holder] --><!-- [et_pb_line_break_holder] --><pee class=\"legal-center-typography\">+1 416 410-1011 ou +351 226 000 110<\/pee><!-- [et_pb_line_break_holder] --><!-- [et_pb_line_break_holder] --><pee class=\"legal-center-blue-title\">TRANSFER\u00caNCIAS DE DADOS<\/pee><!-- [et_pb_line_break_holder] --><pee class=\"legal-center-typography\">Se transferirmos os seus dados pessoais para fora do Espa\u00e7o Econ\u00f3mico Europeu (EEE), garantimos que est\u00e3o em vigor salvaguardas adequadas para proteger os seus dados de acordo com os requisitos do RGPD. Estas salvaguardas podem incluir cl\u00e1usulas contratuais-tipo ou outros mecanismos legais. <\/pee><!-- [et_pb_line_break_holder] --><!-- [et_pb_line_break_holder] --><pee class=\"legal-center-blue-title\">RECLAMA\u00c7\u00d5ES<\/pee><!-- [et_pb_line_break_holder] --><pee class=\"legal-center-typography\">Se considerar que n\u00e3o estamos a processar os seus dados pessoais em conformidade com o RGPD, tem o direito de apresentar uma queixa junto de uma autoridade de controlo. No Reino Unido, pode contactar o Gabinete do Comiss\u00e1rio da Informa\u00e7\u00e3o (ICO). Noutros pa\u00edses do EEE, deve contactar a autoridade de prote\u00e7\u00e3o de dados relevante.  <\/pee><!-- [et_pb_line_break_holder] --><!-- [et_pb_line_break_holder] --><pee class=\"legal-center-blue-title\">ALTERA\u00c7\u00d5ES \u00c0 PRESENTE DECLARA\u00c7\u00c3O DE CONFORMIDADE COM O GDPR<\/pee><!-- [et_pb_line_break_holder] --><pee class=\"legal-center-typography\">Podemos atualizar esta Declara\u00e7\u00e3o de Conformidade com o RGPD periodicamente para refletir altera\u00e7\u00f5es nas nossas pr\u00e1ticas ou requisitos legais. Iremos notific\u00e1-lo de quaisquer altera\u00e7\u00f5es materiais, publicando a declara\u00e7\u00e3o actualizada no nosso website com uma data de entrada em vigor actualizada. A sua utiliza\u00e7\u00e3o continuada dos nossos servi\u00e7os ap\u00f3s a data de entrada em vigor de quaisquer altera\u00e7\u00f5es constitui a sua aceita\u00e7\u00e3o da declara\u00e7\u00e3o revista.  <\/pee><!-- [et_pb_line_break_holder] --><!-- [et_pb_line_break_holder] --><pee class=\"legal-center-blue-title\">INFORMA\u00c7\u00d5ES DE CONTATO<\/pee><!-- [et_pb_line_break_holder] --><pee class=\"legal-center-typography\">Se tiver alguma d\u00favida ou preocupa\u00e7\u00e3o sobre esta Declara\u00e7\u00e3o de Conformidade com o RGPD ou sobre as nossas pr\u00e1ticas de prote\u00e7\u00e3o de dados, contacte-nos atrav\u00e9s de<\/pee> <a class=\"legal-center-blue-link\" href=\"mailto:info@jolera.com\">info@jolera.com<\/a><!\u2013- [et_pb_br_holder] -\u2013><!\u2013- [et_pb_br_holder] -\u2013><!-- [et_pb_line_break_holder] --><!-- [et_pb_line_break_holder] --><pee class=\"legal-center-typography\">Jolera Inc.<!\u2013- [et_pb_br_holder] -\u2013><!-- [et_pb_line_break_holder] -->365 Bloor St E 2nd floor<!\u2013- [et_pb_br_holder] -\u2013><!-- [et_pb_line_break_holder] -->Toronto, ON M4W 3L4, Canada<!\u2013- [et_pb_br_holder] -\u2013><!-- [et_pb_line_break_holder] -->+1 416 410-1011<\/pee><!-- [et_pb_line_break_holder] --><!-- [et_pb_line_break_holder] --><pee class=\"legal-center-typography\">Ou<\/pee><!-- [et_pb_line_break_holder] --><!-- [et_pb_line_break_holder] --><pee class=\"legal-center-typography\">Jolera Inc.<!\u2013- [et_pb_br_holder] -\u2013><!-- [et_pb_line_break_holder] -->Av. da Boavista 2099 <!\u2013- [et_pb_br_holder] -\u2013><!-- [et_pb_line_break_holder] -->4100-100 Porto, Portugal<!\u2013- [et_pb_br_holder] -\u2013><!-- [et_pb_line_break_holder] -->+351 226 000 110<\/pee><!-- [et_pb_line_break_holder] -->[\/et_pb_code][\/et_pb_column][\/et_pb_row][\/et_pb_section]<\/p>\n","protected":false},"excerpt":{"rendered":"","protected":false},"author":1,"featured_media":0,"parent":0,"menu_order":0,"comment_status":"closed","ping_status":"closed","template":"","meta":{"_et_pb_use_builder":"on","_et_pb_old_content":"","_et_gb_content_width":"","inline_featured_image":false,"footnotes":""},"class_list":["post-237807","page","type-page","status-publish","hentry"],"yoast_head":"<!-- This site is optimized with the Yoast SEO plugin v27.5 - https:\/\/yoast.com\/product\/yoast-seo-wordpress\/ -->\n<title>Declara\u00e7\u00e3o de Conformidade com o RGPD | Jolera<\/title>\n<meta name=\"description\" content=\"Consulte a declara\u00e7\u00e3o da Jolera sobre conformidade com o RGPD e conhe\u00e7a as medidas adotadas para proteger os dados pessoais.\" \/>\n<meta name=\"robots\" content=\"index, follow, max-snippet:-1, max-image-preview:large, max-video-preview:-1\" \/>\n<link rel=\"canonical\" href=\"https:\/\/www.jolera.com\/pt-pt\/declaracao-de-conformidade-com-o-rgpd\/\" \/>\n<meta property=\"og:locale\" content=\"pt_PT\" \/>\n<meta property=\"og:type\" content=\"article\" \/>\n<meta property=\"og:title\" content=\"Declara\u00e7\u00e3o de Conformidade com o RGPD | Jolera\" \/>\n<meta property=\"og:description\" content=\"Consulte a declara\u00e7\u00e3o da Jolera sobre conformidade com o RGPD e conhe\u00e7a as medidas adotadas para proteger os dados pessoais.\" \/>\n<meta property=\"og:url\" content=\"https:\/\/www.jolera.com\/pt-pt\/declaracao-de-conformidade-com-o-rgpd\/\" \/>\n<meta property=\"og:site_name\" content=\"Jolera\" \/>\n<meta property=\"article:publisher\" content=\"https:\/\/www.facebook.com\/jolerainc\/\" \/>\n<meta property=\"article:modified_time\" content=\"2025-04-15T10:20:12+00:00\" \/>\n<meta name=\"twitter:card\" content=\"summary_large_image\" \/>\n<meta name=\"twitter:site\" content=\"@jolera\" \/>\n<meta name=\"twitter:label1\" content=\"Tempo estimado de leitura\" \/>\n\t<meta name=\"twitter:data1\" content=\"4 minutos\" \/>\n<script type=\"application\/ld+json\" class=\"yoast-schema-graph\">{\"@context\":\"https:\\\/\\\/schema.org\",\"@graph\":[{\"@type\":\"WebPage\",\"@id\":\"https:\\\/\\\/www.jolera.com\\\/pt-pt\\\/declaracao-de-conformidade-com-o-rgpd\\\/\",\"url\":\"https:\\\/\\\/www.jolera.com\\\/pt-pt\\\/declaracao-de-conformidade-com-o-rgpd\\\/\",\"name\":\"Declara\u00e7\u00e3o de Conformidade com o RGPD | Jolera\",\"isPartOf\":{\"@id\":\"https:\\\/\\\/www.jolera.com\\\/pt-pt\\\/#website\"},\"datePublished\":\"2024-09-02T10:33:29+00:00\",\"dateModified\":\"2025-04-15T10:20:12+00:00\",\"description\":\"Consulte a declara\u00e7\u00e3o da Jolera sobre conformidade com o RGPD e conhe\u00e7a as medidas adotadas para proteger os dados pessoais.\",\"breadcrumb\":{\"@id\":\"https:\\\/\\\/www.jolera.com\\\/pt-pt\\\/declaracao-de-conformidade-com-o-rgpd\\\/#breadcrumb\"},\"inLanguage\":\"pt-PT\",\"potentialAction\":[{\"@type\":\"ReadAction\",\"target\":[\"https:\\\/\\\/www.jolera.com\\\/pt-pt\\\/declaracao-de-conformidade-com-o-rgpd\\\/\"]}]},{\"@type\":\"BreadcrumbList\",\"@id\":\"https:\\\/\\\/www.jolera.com\\\/pt-pt\\\/declaracao-de-conformidade-com-o-rgpd\\\/#breadcrumb\",\"itemListElement\":[{\"@type\":\"ListItem\",\"position\":1,\"name\":\"Home\",\"item\":\"https:\\\/\\\/www.jolera.com\\\/pt-pt\\\/\"},{\"@type\":\"ListItem\",\"position\":2,\"name\":\"Declara\u00e7\u00e3o de conformidade com o RGPD\"}]},{\"@type\":\"WebSite\",\"@id\":\"https:\\\/\\\/www.jolera.com\\\/pt-pt\\\/#website\",\"url\":\"https:\\\/\\\/www.jolera.com\\\/pt-pt\\\/\",\"name\":\"Global Systems Integrator \u2013 IT & Cybersecurity\",\"description\":\"Global Systems Integrator\",\"publisher\":{\"@id\":\"https:\\\/\\\/www.jolera.com\\\/pt-pt\\\/#organization\"},\"potentialAction\":[{\"@type\":\"SearchAction\",\"target\":{\"@type\":\"EntryPoint\",\"urlTemplate\":\"https:\\\/\\\/www.jolera.com\\\/pt-pt\\\/?s={search_term_string}\"},\"query-input\":{\"@type\":\"PropertyValueSpecification\",\"valueRequired\":true,\"valueName\":\"search_term_string\"}}],\"inLanguage\":\"pt-PT\"},{\"@type\":\"Organization\",\"@id\":\"https:\\\/\\\/www.jolera.com\\\/pt-pt\\\/#organization\",\"name\":\"Jolera\",\"url\":\"https:\\\/\\\/www.jolera.com\\\/pt-pt\\\/\",\"logo\":{\"@type\":\"ImageObject\",\"inLanguage\":\"pt-PT\",\"@id\":\"https:\\\/\\\/www.jolera.com\\\/pt-pt\\\/#\\\/schema\\\/logo\\\/image\\\/\",\"url\":\"https:\\\/\\\/www.jolera.com\\\/wp-content\\\/uploads\\\/2024\\\/10\\\/Jolera-logo-blue-sq.png\",\"contentUrl\":\"https:\\\/\\\/www.jolera.com\\\/wp-content\\\/uploads\\\/2024\\\/10\\\/Jolera-logo-blue-sq.png\",\"width\":400,\"height\":400,\"caption\":\"Jolera\"},\"image\":{\"@id\":\"https:\\\/\\\/www.jolera.com\\\/pt-pt\\\/#\\\/schema\\\/logo\\\/image\\\/\"},\"sameAs\":[\"https:\\\/\\\/www.facebook.com\\\/jolerainc\\\/\",\"https:\\\/\\\/x.com\\\/jolera\",\"https:\\\/\\\/www.instagram.com\\\/jolerainc\\\/\",\"https:\\\/\\\/www.linkedin.com\\\/company\\\/jolera\\\/\",\"https:\\\/\\\/www.youtube.com\\\/@JoleraTV\"]}]}<\/script>\n<!-- \/ Yoast SEO plugin. -->","yoast_head_json":{"title":"Declara\u00e7\u00e3o de Conformidade com o RGPD | Jolera","description":"Consulte a declara\u00e7\u00e3o da Jolera sobre conformidade com o RGPD e conhe\u00e7a as medidas adotadas para proteger os dados pessoais.","robots":{"index":"index","follow":"follow","max-snippet":"max-snippet:-1","max-image-preview":"max-image-preview:large","max-video-preview":"max-video-preview:-1"},"canonical":"https:\/\/www.jolera.com\/pt-pt\/declaracao-de-conformidade-com-o-rgpd\/","og_locale":"pt_PT","og_type":"article","og_title":"Declara\u00e7\u00e3o de Conformidade com o RGPD | Jolera","og_description":"Consulte a declara\u00e7\u00e3o da Jolera sobre conformidade com o RGPD e conhe\u00e7a as medidas adotadas para proteger os dados pessoais.","og_url":"https:\/\/www.jolera.com\/pt-pt\/declaracao-de-conformidade-com-o-rgpd\/","og_site_name":"Jolera","article_publisher":"https:\/\/www.facebook.com\/jolerainc\/","article_modified_time":"2025-04-15T10:20:12+00:00","twitter_card":"summary_large_image","twitter_site":"@jolera","twitter_misc":{"Tempo estimado de leitura":"4 minutos"},"schema":{"@context":"https:\/\/schema.org","@graph":[{"@type":"WebPage","@id":"https:\/\/www.jolera.com\/pt-pt\/declaracao-de-conformidade-com-o-rgpd\/","url":"https:\/\/www.jolera.com\/pt-pt\/declaracao-de-conformidade-com-o-rgpd\/","name":"Declara\u00e7\u00e3o de Conformidade com o RGPD | Jolera","isPartOf":{"@id":"https:\/\/www.jolera.com\/pt-pt\/#website"},"datePublished":"2024-09-02T10:33:29+00:00","dateModified":"2025-04-15T10:20:12+00:00","description":"Consulte a declara\u00e7\u00e3o da Jolera sobre conformidade com o RGPD e conhe\u00e7a as medidas adotadas para proteger os dados pessoais.","breadcrumb":{"@id":"https:\/\/www.jolera.com\/pt-pt\/declaracao-de-conformidade-com-o-rgpd\/#breadcrumb"},"inLanguage":"pt-PT","potentialAction":[{"@type":"ReadAction","target":["https:\/\/www.jolera.com\/pt-pt\/declaracao-de-conformidade-com-o-rgpd\/"]}]},{"@type":"BreadcrumbList","@id":"https:\/\/www.jolera.com\/pt-pt\/declaracao-de-conformidade-com-o-rgpd\/#breadcrumb","itemListElement":[{"@type":"ListItem","position":1,"name":"Home","item":"https:\/\/www.jolera.com\/pt-pt\/"},{"@type":"ListItem","position":2,"name":"Declara\u00e7\u00e3o de conformidade com o RGPD"}]},{"@type":"WebSite","@id":"https:\/\/www.jolera.com\/pt-pt\/#website","url":"https:\/\/www.jolera.com\/pt-pt\/","name":"Global Systems Integrator \u2013 IT & Cybersecurity","description":"Global Systems Integrator","publisher":{"@id":"https:\/\/www.jolera.com\/pt-pt\/#organization"},"potentialAction":[{"@type":"SearchAction","target":{"@type":"EntryPoint","urlTemplate":"https:\/\/www.jolera.com\/pt-pt\/?s={search_term_string}"},"query-input":{"@type":"PropertyValueSpecification","valueRequired":true,"valueName":"search_term_string"}}],"inLanguage":"pt-PT"},{"@type":"Organization","@id":"https:\/\/www.jolera.com\/pt-pt\/#organization","name":"Jolera","url":"https:\/\/www.jolera.com\/pt-pt\/","logo":{"@type":"ImageObject","inLanguage":"pt-PT","@id":"https:\/\/www.jolera.com\/pt-pt\/#\/schema\/logo\/image\/","url":"https:\/\/www.jolera.com\/wp-content\/uploads\/2024\/10\/Jolera-logo-blue-sq.png","contentUrl":"https:\/\/www.jolera.com\/wp-content\/uploads\/2024\/10\/Jolera-logo-blue-sq.png","width":400,"height":400,"caption":"Jolera"},"image":{"@id":"https:\/\/www.jolera.com\/pt-pt\/#\/schema\/logo\/image\/"},"sameAs":["https:\/\/www.facebook.com\/jolerainc\/","https:\/\/x.com\/jolera","https:\/\/www.instagram.com\/jolerainc\/","https:\/\/www.linkedin.com\/company\/jolera\/","https:\/\/www.youtube.com\/@JoleraTV"]}]}},"_links":{"self":[{"href":"https:\/\/www.jolera.com\/pt-pt\/wp-json\/wp\/v2\/pages\/237807","targetHints":{"allow":["GET"]}}],"collection":[{"href":"https:\/\/www.jolera.com\/pt-pt\/wp-json\/wp\/v2\/pages"}],"about":[{"href":"https:\/\/www.jolera.com\/pt-pt\/wp-json\/wp\/v2\/types\/page"}],"author":[{"embeddable":true,"href":"https:\/\/www.jolera.com\/pt-pt\/wp-json\/wp\/v2\/users\/1"}],"replies":[{"embeddable":true,"href":"https:\/\/www.jolera.com\/pt-pt\/wp-json\/wp\/v2\/comments?post=237807"}],"version-history":[{"count":0,"href":"https:\/\/www.jolera.com\/pt-pt\/wp-json\/wp\/v2\/pages\/237807\/revisions"}],"wp:attachment":[{"href":"https:\/\/www.jolera.com\/pt-pt\/wp-json\/wp\/v2\/media?parent=237807"}],"curies":[{"name":"wp","href":"https:\/\/api.w.org\/{rel}","templated":true}]}}