{"id":240481,"date":"2024-09-02T10:28:25","date_gmt":"2024-09-02T10:28:25","guid":{"rendered":"https:\/\/www.jolera.com\/politique-en-matiere-de-cookies\/"},"modified":"2025-07-07T10:05:17","modified_gmt":"2025-07-07T10:05:17","slug":"politique-en-matiere-de-cookies","status":"publish","type":"page","link":"https:\/\/www.jolera.com\/fr\/politique-en-matiere-de-cookies\/","title":{"rendered":"Politique en mati\u00e8re de cookies"},"content":{"rendered":"<p>[et_pb_section fb_built=&#8221;1&#8243; _builder_version=&#8221;4.27.2&#8243; _module_preset=&#8221;default&#8221; custom_padding=&#8221;200px|32px||32px|false|false&#8221; hover_enabled=&#8221;0&#8243; da_disable_devices=&#8221;off|off|off&#8221; global_colors_info=&#8221;{}&#8221; custom_padding_last_edited=&#8221;on|tablet&#8221; sticky_enabled=&#8221;0&#8243; custom_padding_tablet=&#8221;140px||||false|false&#8221; da_is_popup=&#8221;off&#8221; da_exit_intent=&#8221;off&#8221; da_has_close=&#8221;on&#8221; da_alt_close=&#8221;off&#8221; da_dark_close=&#8221;off&#8221; da_not_modal=&#8221;on&#8221; da_is_singular=&#8221;off&#8221; da_with_loader=&#8221;off&#8221; da_has_shadow=&#8221;on&#8221; custom_padding_phone=&#8221;140px||||false|false&#8221;][et_pb_row custom_padding_last_edited=&#8221;on|desktop&#8221; _builder_version=&#8221;4.27.2&#8243; _module_preset=&#8221;default&#8221; width=&#8221;100%&#8221; custom_margin=&#8221;0px||||false|false&#8221; custom_padding_tablet=&#8221;&#8221; custom_padding_phone=&#8221;0px|0px||0px|false|false&#8221; hover_enabled=&#8221;0&#8243; global_colors_info=&#8221;{}&#8221; custom_padding=&#8221;0px||||false|false&#8221; sticky_enabled=&#8221;0&#8243;][et_pb_column type=&#8221;4_4&#8243; _builder_version=&#8221;4.27.0&#8243; _module_preset=&#8221;default&#8221; global_colors_info=&#8221;{}&#8221;][et_pb_code _builder_version=&#8221;4.27.2&#8243; _module_preset=&#8221;default&#8221; custom_margin=&#8221;0px||||false|false&#8221; custom_padding=&#8221;0px|0px||0px|false|false&#8221; custom_padding_tablet=&#8221;|0px||0px|false|false&#8221; custom_padding_phone=&#8221;|0px||0px|false|false&#8221; custom_padding_last_edited=&#8221;on|phone&#8221; hover_enabled=&#8221;0&#8243; global_colors_info=&#8221;{}&#8221; sticky_enabled=&#8221;0&#8243;]<\/p>\n<div class=\"header-title-container\"><!-- [et_pb_line_break_holder] -->    <\/p>\n<div class=\"header-title-text\"><!-- [et_pb_line_break_holder] -->  Politique en mati\u00e8re de cookies<\/div>\n<p><!-- [et_pb_line_break_holder] -->  <\/div>\n<p><!-- [et_pb_line_break_holder] -->  <!-- [et_pb_line_break_holder] -->  <!-- [et_pb_line_break_holder] -->  <pee class=\"legal-center-typography\">Date d&#8217;entr\u00e9e en vigueur : 27 ao\u00fbt 2024<\/pee><!-- [et_pb_line_break_holder] -->  <!-- [et_pb_line_break_holder] -->  <pee class=\"legal-center-typography\"><b>Jolera Inc.<\/b> utilise des cookies et des technologies de suivi similaires sur son <a href=\"http:\/\/www.jolera.com\" class=\"legal-center-blue-link\">site Web<\/a> afin d&#8217;am\u00e9liorer votre exp\u00e9rience de navigation, d&#8217;analyser le trafic du site, de personnaliser le contenu et de diffuser des publicit\u00e9s cibl\u00e9es. La pr\u00e9sente politique en mati\u00e8re de cookies explique ce que sont les cookies, comment nous les utilisons et quels sont les choix qui s&#8217;offrent \u00e0 vous en ce qui concerne leur utilisation. <\/pee><!-- [et_pb_line_break_holder] -->  <!-- [et_pb_line_break_holder] -->  <pee class=\"legal-center-blue-title\">QU&#8217;EST-CE QU&#8217;UN BISCUIT ?<\/pee><!-- [et_pb_line_break_holder] -->  <pee class=\"legal-center-typography\">Les cookies sont de petits fichiers texte qui sont stock\u00e9s sur votre appareil (ordinateur, tablette ou mobile) lorsque vous visitez un site web. Ils sont largement utilis\u00e9s pour am\u00e9liorer le fonctionnement des sites web et fournir des informations \u00e0 leurs propri\u00e9taires. Les cookies peuvent \u00eatre des &#8220;cookies de session&#8221;, qui sont supprim\u00e9s lorsque vous fermez votre navigateur, ou des &#8220;cookies persistants&#8221;, qui restent sur votre appareil jusqu&#8217;\u00e0 ce qu&#8217;ils expirent ou que vous les supprimiez.  <\/pee><!-- [et_pb_line_break_holder] -->  <!-- [et_pb_line_break_holder] -->  <pee class=\"legal-center-blue-title\">TYPES DE COOKIES QUE NOUS UTILISONS<\/pee><!-- [et_pb_line_break_holder] -->  <pee class=\"legal-center-typography\">Nous utilisons les types de cookies suivants sur notre site Web :<\/pee><!-- [et_pb_line_break_holder] --> <!-- [et_pb_line_break_holder] -->      <pee class=\"legal-center-typography\">2.1. <b>Cookies strictement n\u00e9cessaires :<\/b> Ces cookies sont essentiels au fonctionnement de notre site web et vous permettent de naviguer sur le site et d&#8217;utiliser ses fonctions. Sans ces cookies, certains services de notre site web pourraient ne pas \u00eatre disponibles. <\/pee><!-- [et_pb_line_break_holder] --><!-- [et_pb_line_break_holder] -->          <pee class=\"legal-center-typography\">Exemples : Cookies d&#8217;authentification, cookies li\u00e9s \u00e0 la s\u00e9curit\u00e9, cookies de session.<\/pee><!-- [et_pb_line_break_holder] --><!-- [et_pb_line_break_holder] --><!-- [et_pb_line_break_holder] --><pee class=\"legal-center-typography\">2.2. <b>Cookies de performance :<\/b> Ces cookies recueillent des informations sur la mani\u00e8re dont les visiteurs utilisent notre site web, par exemple les pages les plus souvent visit\u00e9es et les messages d&#8217;erreur des pages web. Ces cookies ne recueillent pas d&#8217;informations permettant d&#8217;identifier un visiteur. Les informations collect\u00e9es sont agr\u00e9g\u00e9es et anonymes et sont utilis\u00e9es pour am\u00e9liorer le fonctionnement de notre site web.  <\/pee><!-- [et_pb_line_break_holder] -->          <pee class=\"legal-center-typography\">Exemples : Cookies d&#8217;analyse (par exemple, Google Analytics).<\/pee><!-- [et_pb_line_break_holder] -->      <pee class=\"legal-center-typography\">2.3. <b>Cookies fonctionnels :<\/b> Ces cookies permettent \u00e0 notre site web de se souvenir des choix que vous faites (tels que votre nom d&#8217;utilisateur, votre langue ou votre r\u00e9gion) et de fournir des fonctions am\u00e9lior\u00e9es et plus personnalis\u00e9es. Ils peuvent \u00e9galement \u00eatre utilis\u00e9s pour fournir des services que vous avez demand\u00e9s, comme regarder une vid\u00e9o ou commenter un blog. Les informations collect\u00e9es par ces cookies peuvent \u00eatre anonymis\u00e9es et elles ne peuvent pas suivre votre activit\u00e9 de navigation sur d&#8217;autres sites web.  <\/pee><!-- [et_pb_line_break_holder] -->          <pee class=\"legal-center-typography\">Exemples : cookies de pr\u00e9f\u00e9rences d&#8217;utilisateurs, cookies de localisation.<\/pee><!-- [et_pb_line_break_holder] --><!-- [et_pb_line_break_holder] --><!-- [et_pb_line_break_holder] -->      <pee class=\"legal-center-typography\">2.4<b>Cookies de ciblage\/publicit\u00e9 :<\/b> Ces cookies sont utilis\u00e9s pour diffuser des publicit\u00e9s pertinentes pour vous et vos int\u00e9r\u00eats. Ils nous aident \u00e0 comprendre vos habitudes de navigation et \u00e0 adapter les publicit\u00e9s que vous voyez en fonction de vos interactions pass\u00e9es avec notre site web et d&#8217;autres sites web. Ils peuvent \u00e9galement limiter le nombre de fois que vous voyez une publicit\u00e9 et mesurer l&#8217;efficacit\u00e9 des campagnes publicitaires.  <\/pee><!-- [et_pb_line_break_holder] -->          <pee class=\"legal-center-typography\">Exemples : Cookies de r\u00e9seaux publicitaires tiers (par exemple, Google Ads, Facebook Ads).<\/pee><!-- [et_pb_line_break_holder] -->  <!-- [et_pb_line_break_holder] -->  <pee class=\"legal-center-blue-title\">COMMENT NOUS UTILISONS LES COOKIES<\/pee><!-- [et_pb_line_break_holder] -->  <pee class=\"legal-center-typography\">Nous utilisons des cookies \u00e0 plusieurs fins, notamment<\/pee><!-- [et_pb_line_break_holder] -->  <\/p>\n<ul class=\"legal-center-typography\"><!-- [et_pb_line_break_holder] -->      <\/p>\n<li class=\"legal-center-typography\">&#8211; Am\u00e9liorer l&#8217;exp\u00e9rience de l&#8217;utilisateur : Pour m\u00e9moriser vos pr\u00e9f\u00e9rences et vous offrir une exp\u00e9rience plus personnalis\u00e9e.<\/li>\n<p><!-- [et_pb_line_break_holder] -->      <\/p>\n<li class=\"legal-center-typography\">&#8211; Fonctionnalit\u00e9 du site web : Pour garantir le bon fonctionnement des fonctions essentielles de notre site web.<\/li>\n<p><!-- [et_pb_line_break_holder] -->      <\/p>\n<li class=\"legal-center-typography\">&#8211; Performance et analyse : Recueillir des donn\u00e9es sur la mani\u00e8re dont les visiteurs interagissent avec notre site web afin d&#8217;en am\u00e9liorer les performances et la fonctionnalit\u00e9.<\/li>\n<p><!-- [et_pb_line_break_holder] -->      <\/p>\n<li class=\"legal-center-typography\">&#8211; Publicit\u00e9 et ciblage : Pour diffuser des publicit\u00e9s pertinentes et \u00e9valuer l&#8217;efficacit\u00e9 de nos efforts publicitaires.<\/li>\n<p><!-- [et_pb_line_break_holder] -->  <\/ul>\n<p><!-- [et_pb_line_break_holder] -->  <!-- [et_pb_line_break_holder] -->  <pee class=\"legal-center-blue-title\">GESTION DES COOKIES<\/pee><!-- [et_pb_line_break_holder] -->  <pee class=\"legal-center-typography\">Vous avez le contr\u00f4le sur les cookies et pouvez g\u00e9rer vos pr\u00e9f\u00e9rences par le biais des param\u00e8tres de votre navigateur. La plupart des navigateurs vous permettent de <\/pee><!-- [et_pb_line_break_holder] -->  <\/p>\n<ul class=\"legal-center-typography\"><!-- [et_pb_line_break_holder] -->      <\/p>\n<li class=\"legal-center-typography\">&#8211; Visualiser et supprimer les cookies.<\/li>\n<p><!-- [et_pb_line_break_holder] -->      <\/p>\n<li class=\"legal-center-typography\">&#8211; Bloquer les cookies de certains sites ou de tous les sites.<\/li>\n<p><!-- [et_pb_line_break_holder] -->      <\/p>\n<li class=\"legal-center-typography\">&#8211; Param\u00e9trez votre navigateur pour qu&#8217;il vous avertisse lorsqu&#8217;un cookie est plac\u00e9 sur votre appareil.<\/li>\n<p><!-- [et_pb_line_break_holder] -->  <\/ul>\n<p><!-- [et_pb_line_break_holder] -->  <pee class=\"legal-center-typography\">Veuillez noter que la d\u00e9sactivation des cookies peut affecter la fonctionnalit\u00e9 de notre site web et limiter votre capacit\u00e9 \u00e0 acc\u00e9der \u00e0 certaines fonctions ou \u00e0 certains services.<\/pee><!-- [et_pb_line_break_holder] -->  <!-- [et_pb_line_break_holder] -->  <pee class=\"legal-center-blue-title\">LES COOKIES DE TIERS<\/pee><!-- [et_pb_line_break_holder] -->  <pee class=\"legal-center-typography\">Notre site web peut contenir des cookies de fournisseurs de services tiers, y compris des partenaires d&#8217;analyse et de publicit\u00e9. Ces tiers peuvent utiliser des cookies pour collecter des informations sur vos activit\u00e9s sur notre site web et d&#8217;autres sites web. Nous ne contr\u00f4lons pas ces cookies ni les informations collect\u00e9es par ces tiers. Pour plus d&#8217;informations sur la mani\u00e8re dont ces tiers utilisent les cookies et sur vos droits, veuillez vous r\u00e9f\u00e9rer \u00e0 leurs politiques de confidentialit\u00e9 respectives.   <\/pee><!-- [et_pb_line_break_holder] -->  <!-- [et_pb_line_break_holder] -->  <pee class=\"legal-center-blue-title\">MODIFICATIONS DE LA PR\u00c9SENTE POLITIQUE EN MATI\u00c8RE DE COOKIES<\/pee><!-- [et_pb_line_break_holder] -->  <pee class=\"legal-center-typography\">Nous pouvons mettre \u00e0 jour cette politique en mati\u00e8re de cookies de temps \u00e0 autre pour refl\u00e9ter les changements dans nos pratiques ou les exigences l\u00e9gales. Toute modification sera publi\u00e9e sur cette page avec une date d&#8217;entr\u00e9e en vigueur actualis\u00e9e. En continuant \u00e0 utiliser notre site web apr\u00e8s la date d&#8217;entr\u00e9e en vigueur des modifications, vous acceptez la politique r\u00e9vis\u00e9e en mati\u00e8re de cookies.  <\/pee><!-- [et_pb_line_break_holder] -->  <!-- [et_pb_line_break_holder] -->  <pee class=\"legal-center-blue-title\">INFORMATIONS DE CONTACT<\/pee><!-- [et_pb_line_break_holder] -->  <pee class=\"legal-center-typography\">Si vous avez des questions concernant la pr\u00e9sente politique en mati\u00e8re de cookies ou notre utilisation des cookies, veuillez nous contacter \u00e0 l&#8217;adresse suivante :<!-- [et_pb_line_break_holder] --> <a class=\"legal-center-blue-link\" href=\"mailto:info@jolera.com\">info@jolera.com<\/a><\/pee><!-- [et_pb_line_break_holder] -->  <!-- [et_pb_line_break_holder] -->  <pee class=\"legal-center-typography\">Jolera Inc.<!\u2013- [et_pb_br_holder] -\u2013><!-- [et_pb_line_break_holder] --> 365 Bloor St E 2nd floor<!\u2013- [et_pb_br_holder] -\u2013><!-- [et_pb_line_break_holder] --> Toronto, ON M4W 3L4, Canada<!\u2013- [et_pb_br_holder] -\u2013><!-- [et_pb_line_break_holder] --> +1 416 410-1011<\/pee><!-- [et_pb_line_break_holder] -->  <!-- [et_pb_line_break_holder] -->  <pee class=\"legal-center-typography\">Ou<\/pee><!-- [et_pb_line_break_holder] -->  <!-- [et_pb_line_break_holder] -->  <pee class=\"legal-center-typography\">Jolera Inc.<!\u2013- [et_pb_br_holder] -\u2013><!-- [et_pb_line_break_holder] -->  Av. da Boavista 2099 <!\u2013- [et_pb_br_holder] -\u2013><!-- [et_pb_line_break_holder] -->  4100-100 Porto, Portugal<!\u2013- [et_pb_br_holder] -\u2013><!-- [et_pb_line_break_holder] -->  +351 226 000 110<\/pee>[\/et_pb_code][\/et_pb_column][\/et_pb_row][\/et_pb_section]<\/p>\n","protected":false},"excerpt":{"rendered":"","protected":false},"author":1,"featured_media":0,"parent":0,"menu_order":0,"comment_status":"closed","ping_status":"closed","template":"","meta":{"_et_pb_use_builder":"on","_et_pb_old_content":"","_et_gb_content_width":"","inline_featured_image":false,"footnotes":""},"class_list":["post-240481","page","type-page","status-publish","hentry"],"yoast_head":"<!-- This site is optimized with the Yoast SEO plugin v27.4 - https:\/\/yoast.com\/product\/yoast-seo-wordpress\/ -->\n<title>Politique en mati\u00e8re de cookies | Jolera<\/title>\n<meta name=\"robots\" content=\"index, follow, max-snippet:-1, max-image-preview:large, max-video-preview:-1\" \/>\n<link rel=\"canonical\" href=\"https:\/\/www.jolera.com\/fr\/politique-en-matiere-de-cookies\/\" \/>\n<meta property=\"og:locale\" content=\"fr_FR\" \/>\n<meta property=\"og:type\" content=\"article\" \/>\n<meta property=\"og:title\" content=\"Politique en mati\u00e8re de cookies | Jolera\" \/>\n<meta property=\"og:url\" content=\"https:\/\/www.jolera.com\/fr\/politique-en-matiere-de-cookies\/\" \/>\n<meta property=\"og:site_name\" content=\"Jolera\" \/>\n<meta property=\"article:publisher\" content=\"https:\/\/www.facebook.com\/jolerainc\/\" \/>\n<meta property=\"article:modified_time\" content=\"2025-07-07T10:05:17+00:00\" \/>\n<meta name=\"twitter:card\" content=\"summary_large_image\" \/>\n<meta name=\"twitter:site\" content=\"@jolera\" \/>\n<meta name=\"twitter:label1\" content=\"Est. reading time\" \/>\n\t<meta name=\"twitter:data1\" content=\"6 minutes\" \/>\n<script type=\"application\/ld+json\" class=\"yoast-schema-graph\">{\"@context\":\"https:\\\/\\\/schema.org\",\"@graph\":[{\"@type\":\"WebPage\",\"@id\":\"https:\\\/\\\/www.jolera.com\\\/fr\\\/politique-en-matiere-de-cookies\\\/\",\"url\":\"https:\\\/\\\/www.jolera.com\\\/fr\\\/politique-en-matiere-de-cookies\\\/\",\"name\":\"Politique en mati\u00e8re de cookies | Jolera\",\"isPartOf\":{\"@id\":\"https:\\\/\\\/www.jolera.com\\\/fr\\\/#website\"},\"datePublished\":\"2024-09-02T10:28:25+00:00\",\"dateModified\":\"2025-07-07T10:05:17+00:00\",\"breadcrumb\":{\"@id\":\"https:\\\/\\\/www.jolera.com\\\/fr\\\/politique-en-matiere-de-cookies\\\/#breadcrumb\"},\"inLanguage\":\"fr-FR\",\"potentialAction\":[{\"@type\":\"ReadAction\",\"target\":[\"https:\\\/\\\/www.jolera.com\\\/fr\\\/politique-en-matiere-de-cookies\\\/\"]}]},{\"@type\":\"BreadcrumbList\",\"@id\":\"https:\\\/\\\/www.jolera.com\\\/fr\\\/politique-en-matiere-de-cookies\\\/#breadcrumb\",\"itemListElement\":[{\"@type\":\"ListItem\",\"position\":1,\"name\":\"Home\",\"item\":\"https:\\\/\\\/www.jolera.com\\\/fr\\\/\"},{\"@type\":\"ListItem\",\"position\":2,\"name\":\"Politique en mati\u00e8re de cookies\"}]},{\"@type\":\"WebSite\",\"@id\":\"https:\\\/\\\/www.jolera.com\\\/fr\\\/#website\",\"url\":\"https:\\\/\\\/www.jolera.com\\\/fr\\\/\",\"name\":\"Global Systems Integrator \u2013 IT & Cybersecurity\",\"description\":\"Global Systems Integrator\",\"publisher\":{\"@id\":\"https:\\\/\\\/www.jolera.com\\\/fr\\\/#organization\"},\"potentialAction\":[{\"@type\":\"SearchAction\",\"target\":{\"@type\":\"EntryPoint\",\"urlTemplate\":\"https:\\\/\\\/www.jolera.com\\\/fr\\\/?s={search_term_string}\"},\"query-input\":{\"@type\":\"PropertyValueSpecification\",\"valueRequired\":true,\"valueName\":\"search_term_string\"}}],\"inLanguage\":\"fr-FR\"},{\"@type\":\"Organization\",\"@id\":\"https:\\\/\\\/www.jolera.com\\\/fr\\\/#organization\",\"name\":\"Jolera\",\"url\":\"https:\\\/\\\/www.jolera.com\\\/fr\\\/\",\"logo\":{\"@type\":\"ImageObject\",\"inLanguage\":\"fr-FR\",\"@id\":\"https:\\\/\\\/www.jolera.com\\\/fr\\\/#\\\/schema\\\/logo\\\/image\\\/\",\"url\":\"https:\\\/\\\/www.jolera.com\\\/wp-content\\\/uploads\\\/2024\\\/10\\\/Jolera-logo-blue-sq.png\",\"contentUrl\":\"https:\\\/\\\/www.jolera.com\\\/wp-content\\\/uploads\\\/2024\\\/10\\\/Jolera-logo-blue-sq.png\",\"width\":400,\"height\":400,\"caption\":\"Jolera\"},\"image\":{\"@id\":\"https:\\\/\\\/www.jolera.com\\\/fr\\\/#\\\/schema\\\/logo\\\/image\\\/\"},\"sameAs\":[\"https:\\\/\\\/www.facebook.com\\\/jolerainc\\\/\",\"https:\\\/\\\/x.com\\\/jolera\",\"https:\\\/\\\/www.instagram.com\\\/jolerainc\\\/\",\"https:\\\/\\\/www.linkedin.com\\\/company\\\/jolera\\\/\",\"https:\\\/\\\/www.youtube.com\\\/@JoleraTV\"]}]}<\/script>\n<!-- \/ Yoast SEO plugin. -->","yoast_head_json":{"title":"Politique en mati\u00e8re de cookies | Jolera","robots":{"index":"index","follow":"follow","max-snippet":"max-snippet:-1","max-image-preview":"max-image-preview:large","max-video-preview":"max-video-preview:-1"},"canonical":"https:\/\/www.jolera.com\/fr\/politique-en-matiere-de-cookies\/","og_locale":"fr_FR","og_type":"article","og_title":"Politique en mati\u00e8re de cookies | Jolera","og_url":"https:\/\/www.jolera.com\/fr\/politique-en-matiere-de-cookies\/","og_site_name":"Jolera","article_publisher":"https:\/\/www.facebook.com\/jolerainc\/","article_modified_time":"2025-07-07T10:05:17+00:00","twitter_card":"summary_large_image","twitter_site":"@jolera","twitter_misc":{"Est. reading time":"6 minutes"},"schema":{"@context":"https:\/\/schema.org","@graph":[{"@type":"WebPage","@id":"https:\/\/www.jolera.com\/fr\/politique-en-matiere-de-cookies\/","url":"https:\/\/www.jolera.com\/fr\/politique-en-matiere-de-cookies\/","name":"Politique en mati\u00e8re de cookies | Jolera","isPartOf":{"@id":"https:\/\/www.jolera.com\/fr\/#website"},"datePublished":"2024-09-02T10:28:25+00:00","dateModified":"2025-07-07T10:05:17+00:00","breadcrumb":{"@id":"https:\/\/www.jolera.com\/fr\/politique-en-matiere-de-cookies\/#breadcrumb"},"inLanguage":"fr-FR","potentialAction":[{"@type":"ReadAction","target":["https:\/\/www.jolera.com\/fr\/politique-en-matiere-de-cookies\/"]}]},{"@type":"BreadcrumbList","@id":"https:\/\/www.jolera.com\/fr\/politique-en-matiere-de-cookies\/#breadcrumb","itemListElement":[{"@type":"ListItem","position":1,"name":"Home","item":"https:\/\/www.jolera.com\/fr\/"},{"@type":"ListItem","position":2,"name":"Politique en mati\u00e8re de cookies"}]},{"@type":"WebSite","@id":"https:\/\/www.jolera.com\/fr\/#website","url":"https:\/\/www.jolera.com\/fr\/","name":"Global Systems Integrator \u2013 IT & Cybersecurity","description":"Global Systems Integrator","publisher":{"@id":"https:\/\/www.jolera.com\/fr\/#organization"},"potentialAction":[{"@type":"SearchAction","target":{"@type":"EntryPoint","urlTemplate":"https:\/\/www.jolera.com\/fr\/?s={search_term_string}"},"query-input":{"@type":"PropertyValueSpecification","valueRequired":true,"valueName":"search_term_string"}}],"inLanguage":"fr-FR"},{"@type":"Organization","@id":"https:\/\/www.jolera.com\/fr\/#organization","name":"Jolera","url":"https:\/\/www.jolera.com\/fr\/","logo":{"@type":"ImageObject","inLanguage":"fr-FR","@id":"https:\/\/www.jolera.com\/fr\/#\/schema\/logo\/image\/","url":"https:\/\/www.jolera.com\/wp-content\/uploads\/2024\/10\/Jolera-logo-blue-sq.png","contentUrl":"https:\/\/www.jolera.com\/wp-content\/uploads\/2024\/10\/Jolera-logo-blue-sq.png","width":400,"height":400,"caption":"Jolera"},"image":{"@id":"https:\/\/www.jolera.com\/fr\/#\/schema\/logo\/image\/"},"sameAs":["https:\/\/www.facebook.com\/jolerainc\/","https:\/\/x.com\/jolera","https:\/\/www.instagram.com\/jolerainc\/","https:\/\/www.linkedin.com\/company\/jolera\/","https:\/\/www.youtube.com\/@JoleraTV"]}]}},"_links":{"self":[{"href":"https:\/\/www.jolera.com\/fr\/wp-json\/wp\/v2\/pages\/240481","targetHints":{"allow":["GET"]}}],"collection":[{"href":"https:\/\/www.jolera.com\/fr\/wp-json\/wp\/v2\/pages"}],"about":[{"href":"https:\/\/www.jolera.com\/fr\/wp-json\/wp\/v2\/types\/page"}],"author":[{"embeddable":true,"href":"https:\/\/www.jolera.com\/fr\/wp-json\/wp\/v2\/users\/1"}],"replies":[{"embeddable":true,"href":"https:\/\/www.jolera.com\/fr\/wp-json\/wp\/v2\/comments?post=240481"}],"version-history":[{"count":0,"href":"https:\/\/www.jolera.com\/fr\/wp-json\/wp\/v2\/pages\/240481\/revisions"}],"wp:attachment":[{"href":"https:\/\/www.jolera.com\/fr\/wp-json\/wp\/v2\/media?parent=240481"}],"curies":[{"name":"wp","href":"https:\/\/api.w.org\/{rel}","templated":true}]}}