{"id":240479,"date":"2024-09-02T10:50:49","date_gmt":"2024-09-02T10:50:49","guid":{"rendered":"https:\/\/www.jolera.com\/politique-dutilisation-acceptable\/"},"modified":"2025-07-07T10:05:10","modified_gmt":"2025-07-07T10:05:10","slug":"politique-dutilisation-acceptable","status":"publish","type":"page","link":"https:\/\/www.jolera.com\/fr\/politique-dutilisation-acceptable\/","title":{"rendered":"Politique d&#8217;utilisation acceptable"},"content":{"rendered":"<p>[et_pb_section fb_built=&#8221;1&#8243; custom_padding_last_edited=&#8221;on|phone&#8221; _builder_version=&#8221;4.27.2&#8243; _module_preset=&#8221;default&#8221; custom_padding=&#8221;200px|32px||32px|false|false&#8221; custom_padding_tablet=&#8221;140px||||false|false&#8221; custom_padding_phone=&#8221;160px||||false|false&#8221; da_disable_devices=&#8221;off|off|off&#8221; global_colors_info=&#8221;{}&#8221; da_is_popup=&#8221;off&#8221; da_exit_intent=&#8221;off&#8221; da_has_close=&#8221;on&#8221; da_alt_close=&#8221;off&#8221; da_dark_close=&#8221;off&#8221; da_not_modal=&#8221;on&#8221; da_is_singular=&#8221;off&#8221; da_with_loader=&#8221;off&#8221; da_has_shadow=&#8221;on&#8221;][et_pb_row custom_padding_last_edited=&#8221;on|tablet&#8221; _builder_version=&#8221;4.27.2&#8243; _module_preset=&#8221;default&#8221; width=&#8221;100%&#8221; width_last_edited=&#8221;off|phone&#8221; custom_padding=&#8221;0px|0px|0px|0px|false|false&#8221; custom_padding_tablet=&#8221;|0px||0px|false|false&#8221; custom_padding_phone=&#8221;|0px||0px|false|false&#8221; global_colors_info=&#8221;{}&#8221;][et_pb_column type=&#8221;4_4&#8243; _builder_version=&#8221;4.27.0&#8243; _module_preset=&#8221;default&#8221; global_colors_info=&#8221;{}&#8221;][et_pb_code _builder_version=&#8221;4.27.2&#8243; _module_preset=&#8221;default&#8221; custom_margin=&#8221;0px||||false|false&#8221; custom_padding=&#8221;0px|0px||0px|false|false&#8221; custom_padding_tablet=&#8221;|0px||0px|false|false&#8221; custom_padding_phone=&#8221;|0px||0px|false|false&#8221; custom_padding_last_edited=&#8221;on|phone&#8221; global_colors_info=&#8221;{}&#8221;]<\/p>\n<div class=\"header-title-container\"><!-- [et_pb_line_break_holder] --><!-- [et_pb_line_break_holder] -->    <\/p>\n<div class=\"header-title-text\"><!-- [et_pb_line_break_holder] -->  Politique d&#8217;utilisation acceptable<!-- [et_pb_line_break_holder] -->      <\/div>\n<p><!-- [et_pb_line_break_holder] -->    <\/div>\n<p><!-- [et_pb_line_break_holder] -->    <!-- [et_pb_line_break_holder] -->    <pee class=\"legal-center-typography\">Date d&#8217;entr\u00e9e en vigueur : 27 ao\u00fbt 2024<\/pee><!-- [et_pb_line_break_holder] -->    <!-- [et_pb_line_break_holder] -->    <pee class=\"legal-center-typography\"><b>Jolera Inc.<\/b> s&#8217;engage \u00e0 fournir un environnement s\u00fbr et fiable \u00e0 ses utilisateurs. La pr\u00e9sente politique d&#8217;utilisation acceptable (&#8220;PUA&#8221;) d\u00e9finit l&#8217;utilisation acceptable de nos services, y compris notre site Web, nos services en nuage et d&#8217;autres technologies connexes (collectivement, les &#8220;services&#8221;). En utilisant nos services, vous acceptez de vous conformer \u00e0 la pr\u00e9sente PUA.  <\/pee><!-- [et_pb_line_break_holder] -->    <!-- [et_pb_line_break_holder] -->    <pee class=\"legal-center-blue-title\">OBJECTIF<\/pee><!-- [et_pb_line_break_holder] -->    <pee class=\"legal-center-typography\">La pr\u00e9sente PUA a pour objet de d\u00e9finir les comportements et activit\u00e9s acceptables et interdits li\u00e9s \u00e0 l&#8217;utilisation des services de Jolera. L&#8217;objectif est de garantir la s\u00e9curit\u00e9, l&#8217;int\u00e9grit\u00e9 et la disponibilit\u00e9 de nos services et de maintenir une exp\u00e9rience positive pour tous les utilisateurs. <\/pee><!-- [et_pb_line_break_holder] -->    <!-- [et_pb_line_break_holder] -->    <pee class=\"legal-center-blue-title\">UTILISATION ACCEPTABLE<\/pee><!-- [et_pb_line_break_holder] -->    <pee class=\"legal-center-typography\">Vous ne pouvez utiliser nos services qu&#8217;\u00e0 des fins l\u00e9gales et conform\u00e9ment \u00e0 la pr\u00e9sente PUA. Les utilisations acceptables sont les suivantes <\/pee><!-- [et_pb_line_break_holder] -->    <\/p>\n<ul class=\"legal-center-typography\"><!-- [et_pb_line_break_holder] -->        <\/p>\n<li class=\"legal-center-typography\">&#8211; Activit\u00e9s commerciales : Utilisation de nos services pour mener des activit\u00e9s commerciales l\u00e9gitimes.<\/li>\n<p><!-- [et_pb_line_break_holder] -->        <\/p>\n<li class=\"legal-center-typography\">&#8211; Communication : Utilisation de nos services \u00e0 des fins de communication licite avec des employ\u00e9s, des clients et d&#8217;autres parties autoris\u00e9es.<\/li>\n<p><!-- [et_pb_line_break_holder] -->        <\/p>\n<li class=\"legal-center-typography\">&#8211; Conformit\u00e9 : Veiller \u00e0 ce que votre utilisation de nos services soit conforme \u00e0 toutes les lois, r\u00e9glementations et obligations contractuelles applicables.<\/li>\n<p><!-- [et_pb_line_break_holder] -->    <\/ul>\n<p><!-- [et_pb_line_break_holder] -->    <!-- [et_pb_line_break_holder] -->    <pee class=\"legal-center-blue-title\">UTILISATION INTERDITE<\/pee><!-- [et_pb_line_break_holder] -->    <pee class=\"legal-center-typography\">Vous ne devez pas utiliser nos services pour des activit\u00e9s ill\u00e9gales, nuisibles ou perturbatrices. Les utilisations interdites incluent, mais ne sont pas limit\u00e9es \u00e0 : <\/pee><!-- [et_pb_line_break_holder] -->    <\/p>\n<ul class=\"legal-center-typography\"><!-- [et_pb_line_break_holder] -->        <\/p>\n<li class=\"legal-center-typography\">3.1.  <b>Activit\u00e9s ill\u00e9gales :<\/b><\/li>\n<p><!-- [et_pb_line_break_holder] -->        <\/p>\n<ul class=\"legal-center-typography\"><!-- [et_pb_line_break_holder] -->            <\/p>\n<li class=\"legal-center-typography\">&#8211; Participer \u00e0 des activit\u00e9s ill\u00e9gales ou les promouvoir, y compris, mais sans s&#8217;y limiter, la fraude, le piratage informatique, l&#8217;usurpation d&#8217;identit\u00e9 et la piraterie.<\/li>\n<p><!-- [et_pb_line_break_holder] -->            <\/p>\n<li class=\"legal-center-typography\">&#8211; Distribuer ou faciliter la distribution de contenus ill\u00e9gaux, y compris, mais sans s&#8217;y limiter, des logiciels pirat\u00e9s, des logiciels malveillants ou du mat\u00e9riel destin\u00e9 \u00e0 l&#8217;exploitation des enfants.<\/li>\n<p><!-- [et_pb_line_break_holder] -->        <\/ul>\n<p><!-- [et_pb_line_break_holder] -->        <\/p>\n<li class=\"legal-center-typography\">3.2.  <b>Acc\u00e8s non autoris\u00e9 :<\/b><\/li>\n<p><!-- [et_pb_line_break_holder] -->        <\/p>\n<ul class=\"legal-center-typography\"><!-- [et_pb_line_break_holder] -->            <\/p>\n<li class=\"legal-center-typography\">&#8211; Tenter d&#8217;obtenir un acc\u00e8s non autoris\u00e9 \u00e0 des syst\u00e8mes, r\u00e9seaux ou donn\u00e9es qui ne vous sont pas express\u00e9ment accord\u00e9s, y compris tenter de contourner les mesures de s\u00e9curit\u00e9.<\/li>\n<p><!-- [et_pb_line_break_holder] -->            <\/p>\n<li class=\"legal-center-typography\">&#8211; Utiliser le compte ou les informations d&#8217;identification d&#8217;une autre personne sans autorisation.<\/li>\n<p><!-- [et_pb_line_break_holder] -->        <\/ul>\n<p><!-- [et_pb_line_break_holder] -->        <\/p>\n<li class=\"legal-center-typography\">3.3.  <b>Violations de la s\u00e9curit\u00e9 :<\/b><\/li>\n<p><!-- [et_pb_line_break_holder] -->        <\/p>\n<ul class=\"legal-center-typography\"><!-- [et_pb_line_break_holder] -->            <\/p>\n<li class=\"legal-center-typography\">&#8211; Introduire des logiciels malveillants, des virus ou d&#8217;autres logiciels malveillants dans nos syst\u00e8mes.<\/li>\n<p><!-- [et_pb_line_break_holder] -->            <\/p>\n<li class=\"legal-center-typography\">&#8211; Se livrer \u00e0 des activit\u00e9s qui perturbent, endommagent ou interf\u00e8rent avec nos services ou d&#8217;autres utilisateurs, y compris des attaques par d\u00e9ni de service (DoS) ou d&#8217;autres formes d&#8217;abus de r\u00e9seau.<\/li>\n<p><!-- [et_pb_line_break_holder] -->        <\/ul>\n<p><!-- [et_pb_line_break_holder] -->        <\/p>\n<li class=\"legal-center-typography\">3.4.  <b>Violation de la propri\u00e9t\u00e9 intellectuelle :<\/b><\/li>\n<p><!-- [et_pb_line_break_holder] -->        <\/p>\n<ul class=\"legal-center-typography\"><!-- [et_pb_line_break_holder] -->            <\/p>\n<li class=\"legal-center-typography\">&#8211; L&#8217;utilisation de nos services d&#8217;une mani\u00e8re qui porte atteinte aux droits de propri\u00e9t\u00e9 intellectuelle d&#8217;autrui, y compris l&#8217;utilisation ou la distribution non autoris\u00e9e d&#8217;\u00e9l\u00e9ments prot\u00e9g\u00e9s par le droit d&#8217;auteur.<\/li>\n<p><!-- [et_pb_line_break_holder] -->        <\/ul>\n<p><!-- [et_pb_line_break_holder] -->        <\/p>\n<li class=\"legal-center-typography\">3.5.  <b>Contenu inacceptable :<\/b><\/li>\n<p><!-- [et_pb_line_break_holder] -->        <\/p>\n<ul class=\"legal-center-typography\"><!-- [et_pb_line_break_holder] -->            <\/p>\n<li class=\"legal-center-typography\">&#8211; Publier, transmettre ou stocker des contenus obsc\u00e8nes, diffamatoires, mena\u00e7ants, harcelants ou autrement r\u00e9pr\u00e9hensibles.<\/li>\n<p><!-- [et_pb_line_break_holder] -->            <\/p>\n<li class=\"legal-center-typography\">&#8211; Se livrer \u00e0 toute forme de harc\u00e8lement, y compris l&#8217;envoi de communications non d\u00e9sir\u00e9es ou non sollicit\u00e9es.<\/li>\n<p><!-- [et_pb_line_break_holder] -->        <\/ul>\n<p><!-- [et_pb_line_break_holder] -->        <\/p>\n<li class=\"legal-center-typography\">3.6.  <b>Spam et communications non sollicit\u00e9es :<\/b><\/li>\n<p><!-- [et_pb_line_break_holder] -->        <\/p>\n<ul class=\"legal-center-typography\"><!-- [et_pb_line_break_holder] -->            <\/p>\n<li class=\"legal-center-typography\">&#8211; L&#8217;envoi de courriels ou de messages commerciaux non sollicit\u00e9s (spam) ou toute forme d&#8217;abus de courriels ou de messages.<\/li>\n<p><!-- [et_pb_line_break_holder] -->            <\/p>\n<li class=\"legal-center-typography\">&#8211; L&#8217;utilisation de nos services pour r\u00e9colter, collecter ou stocker des adresses \u00e9lectroniques ou d&#8217;autres informations personnelles pour des communications non sollicit\u00e9es.<\/li>\n<p><!-- [et_pb_line_break_holder] -->        <\/ul>\n<p><!-- [et_pb_line_break_holder] -->    <\/ul>\n<p><!-- [et_pb_line_break_holder] -->    <!-- [et_pb_line_break_holder] -->    <pee class=\"legal-center-blue-title\">RESPONSABILIT\u00c9S DE L&#8217;UTILISATEUR<\/pee><!-- [et_pb_line_break_holder] -->    <pee class=\"legal-center-typography\">Vous \u00eates responsable de :<\/pee><!-- [et_pb_line_break_holder] -->    <\/p>\n<ul class=\"legal-center-typography\"><!-- [et_pb_line_break_holder] -->        <\/p>\n<li class=\"legal-center-typography\">&#8211; <b>S\u00e9curit\u00e9 du compte :<\/b> Maintenir la s\u00e9curit\u00e9 et la confidentialit\u00e9 des informations d&#8217;identification de votre compte et nous informer imm\u00e9diatement de toute utilisation non autoris\u00e9e ou de toute violation de la s\u00e9curit\u00e9.<\/li>\n<p><!-- [et_pb_line_break_holder] -->        <\/p>\n<li class=\"legal-center-typography\">&#8211; <b>Conformit\u00e9 :<\/b> Veiller \u00e0 ce que votre utilisation de nos services soit conforme \u00e0 la pr\u00e9sente PUA, aux lois applicables et \u00e0 tout autre accord que vous avez conclu avec nous.<\/li>\n<p><!-- [et_pb_line_break_holder] -->        <\/p>\n<li class=\"legal-center-typography\">&#8211; <b>Contr\u00f4le :<\/b> Contr\u00f4ler r\u00e9guli\u00e8rement votre utilisation de nos services afin de garantir le respect de la pr\u00e9sente PUA.<\/li>\n<p><!-- [et_pb_line_break_holder] -->    <\/ul>\n<p><!-- [et_pb_line_break_holder] -->    <!-- [et_pb_line_break_holder] -->    <pee class=\"legal-center-blue-title\">APPLICATION ET CONS\u00c9QUENCES<\/pee><!-- [et_pb_line_break_holder] -->    <pee class=\"legal-center-typography\">Nous nous r\u00e9servons le droit d&#8217;enqu\u00eater sur toute violation pr\u00e9sum\u00e9e de la pr\u00e9sente PUA et de prendre les mesures qui s&#8217;imposent, notamment<\/pee><!-- [et_pb_line_break_holder] -->    <\/p>\n<ul class=\"legal-center-typography\"><!-- [et_pb_line_break_holder] -->        <\/p>\n<li class=\"legal-center-typography\">&#8211; <b>Suspension ou r\u00e9siliation :<\/b> Suspension ou r\u00e9siliation de votre acc\u00e8s \u00e0 nos services.<\/li>\n<p><!-- [et_pb_line_break_holder] -->        <\/p>\n<li class=\"legal-center-typography\">&#8211; <b>Action en justice :<\/b> Recours en justice pour tout dommage ou toute perte r\u00e9sultant de vos infractions.<\/li>\n<p><!-- [et_pb_line_break_holder] -->        <\/p>\n<li class=\"legal-center-typography\">&#8211; <b>Notification :<\/b> Vous informer de toute mesure prise et vous donner une possibilit\u00e9 raisonnable de r\u00e9pondre aux all\u00e9gations de violations.<\/li>\n<p><!-- [et_pb_line_break_holder] -->    <\/ul>\n<p><!-- [et_pb_line_break_holder] -->    <!-- [et_pb_line_break_holder] -->    <pee class=\"legal-center-blue-title\">LA D\u00c9NONCIATION DES INFRACTIONS<\/pee><!-- [et_pb_line_break_holder] -->    <pee class=\"legal-center-typography\">Si vous avez connaissance de violations de la pr\u00e9sente PUA ou si vous avez des inqui\u00e9tudes concernant l&#8217;utilisation de nos services, veuillez nous les signaler \u00e0 l&#8217;adresse suivante :<\/pee><!-- [et_pb_line_break_holder] -->    <pee class=\"legal-center-typography\">Jolera Inc.<\/pee><!-- [et_pb_line_break_holder] -->    <pee><a class=\"legal-center-blue-link\" href=\"mailto:info@jolera.com\">info@jolera.com<\/a><pee><!-- [et_pb_line_break_holder] -->    <pee class=\"legal-center-typography\">+1 416 410-1011 ou +351 226 000 110<\/pee><!-- [et_pb_line_break_holder] -->    <!-- [et_pb_line_break_holder] -->    <pee class=\"legal-center-blue-title\">MODIFICATION DE CETTE POLITIQUE<\/pee><!-- [et_pb_line_break_holder] -->    <pee class=\"legal-center-typography\">Nous pouvons mettre \u00e0 jour cette PUA de temps \u00e0 autre pour refl\u00e9ter les changements dans nos pratiques ou les exigences l\u00e9gales. Nous vous informerons de toute modification importante en publiant la politique mise \u00e0 jour sur notre site web avec une date d&#8217;entr\u00e9e en vigueur actualis\u00e9e. En continuant \u00e0 utiliser nos services apr\u00e8s la date d&#8217;entr\u00e9e en vigueur des modifications, vous acceptez la version r\u00e9vis\u00e9e de la PUA.  <\/pee><!-- [et_pb_line_break_holder] -->    <!-- [et_pb_line_break_holder] -->    <pee class=\"legal-center-blue-title\">INFORMATIONS DE CONTACT<\/pee><!-- [et_pb_line_break_holder] -->    <pee class=\"legal-center-typography\">Si vous avez des questions sur cette politique d&#8217;utilisation acceptable ou si vous avez besoin de plus amples informations, veuillez nous contacter \u00e0 l&#8217;adresse suivante :<!\u2013- [et_pb_br_holder] -\u2013><!-- [et_pb_line_break_holder] --><a class=\"legal-center-blue-link\" href=\"mailto:info@jolera.com\">info@jolera.com<\/a><\/pee><!-- [et_pb_line_break_holder] --><!-- [et_pb_line_break_holder] -->    <pee class=\"legal-center-typography\">Jolera Inc.<!\u2013- [et_pb_br_holder] -\u2013><!-- [et_pb_line_break_holder] --> 365 Bloor St E 2nd floor<!\u2013- [et_pb_br_holder] -\u2013><!-- [et_pb_line_break_holder] --> Toronto, ON M4W 3L4, Canada<!\u2013- [et_pb_br_holder] -\u2013><!-- [et_pb_line_break_holder] --> +1 416 410-1011<\/pee><!-- [et_pb_line_break_holder] -->    <!-- [et_pb_line_break_holder] -->    <pee class=\"legal-center-typography\">Ou<\/pee><!-- [et_pb_line_break_holder] -->    <!-- [et_pb_line_break_holder] -->    <pee class=\"legal-center-typography\">Jolera Inc.<!\u2013- [et_pb_br_holder] -\u2013><!-- [et_pb_line_break_holder] -->  Av. da Boavista 2099 <!\u2013- [et_pb_br_holder] -\u2013><!-- [et_pb_line_break_holder] -->  4100-100 Porto, Portugal<!\u2013- [et_pb_br_holder] -\u2013><!-- [et_pb_line_break_holder] -->  +351 226 000 110<\/pee><!-- [et_pb_line_break_holder] -->[\/et_pb_code][\/et_pb_column][\/et_pb_row][\/et_pb_section]<\/p>\n","protected":false},"excerpt":{"rendered":"","protected":false},"author":1,"featured_media":0,"parent":0,"menu_order":0,"comment_status":"closed","ping_status":"closed","template":"","meta":{"_et_pb_use_builder":"on","_et_pb_old_content":"","_et_gb_content_width":"","inline_featured_image":false,"footnotes":""},"class_list":["post-240479","page","type-page","status-publish","hentry"],"yoast_head":"<!-- This site is optimized with the Yoast SEO plugin v27.4 - https:\/\/yoast.com\/product\/yoast-seo-wordpress\/ -->\n<title>Politique d&#039;utilisation acceptable - Jolera<\/title>\n<meta name=\"description\" content=\"Lisez la politique d&#039;utilisation acceptable de Jolera, qui d\u00e9crit les utilisations correctes et interdites de nos services et de notre infrastructure.\" \/>\n<meta name=\"robots\" content=\"index, follow, max-snippet:-1, max-image-preview:large, max-video-preview:-1\" \/>\n<link rel=\"canonical\" href=\"https:\/\/www.jolera.com\/fr\/politique-dutilisation-acceptable\/\" \/>\n<meta property=\"og:locale\" content=\"fr_FR\" \/>\n<meta property=\"og:type\" content=\"article\" \/>\n<meta property=\"og:title\" content=\"Politique d&#039;utilisation acceptable - Jolera\" \/>\n<meta property=\"og:description\" content=\"Lisez la politique d&#039;utilisation acceptable de Jolera, qui d\u00e9crit les utilisations correctes et interdites de nos services et de notre infrastructure.\" \/>\n<meta property=\"og:url\" content=\"https:\/\/www.jolera.com\/fr\/politique-dutilisation-acceptable\/\" \/>\n<meta property=\"og:site_name\" content=\"Jolera\" \/>\n<meta property=\"article:publisher\" content=\"https:\/\/www.facebook.com\/jolerainc\/\" \/>\n<meta property=\"article:modified_time\" content=\"2025-07-07T10:05:10+00:00\" \/>\n<meta name=\"twitter:card\" content=\"summary_large_image\" \/>\n<meta name=\"twitter:site\" content=\"@jolera\" \/>\n<meta name=\"twitter:label1\" content=\"Est. reading time\" \/>\n\t<meta name=\"twitter:data1\" content=\"5 minutes\" \/>\n<script type=\"application\/ld+json\" class=\"yoast-schema-graph\">{\"@context\":\"https:\\\/\\\/schema.org\",\"@graph\":[{\"@type\":\"WebPage\",\"@id\":\"https:\\\/\\\/www.jolera.com\\\/fr\\\/politique-dutilisation-acceptable\\\/\",\"url\":\"https:\\\/\\\/www.jolera.com\\\/fr\\\/politique-dutilisation-acceptable\\\/\",\"name\":\"Politique d'utilisation acceptable - Jolera\",\"isPartOf\":{\"@id\":\"https:\\\/\\\/www.jolera.com\\\/fr\\\/#website\"},\"datePublished\":\"2024-09-02T10:50:49+00:00\",\"dateModified\":\"2025-07-07T10:05:10+00:00\",\"description\":\"Lisez la politique d'utilisation acceptable de Jolera, qui d\u00e9crit les utilisations correctes et interdites de nos services et de notre infrastructure.\",\"breadcrumb\":{\"@id\":\"https:\\\/\\\/www.jolera.com\\\/fr\\\/politique-dutilisation-acceptable\\\/#breadcrumb\"},\"inLanguage\":\"fr-FR\",\"potentialAction\":[{\"@type\":\"ReadAction\",\"target\":[\"https:\\\/\\\/www.jolera.com\\\/fr\\\/politique-dutilisation-acceptable\\\/\"]}]},{\"@type\":\"BreadcrumbList\",\"@id\":\"https:\\\/\\\/www.jolera.com\\\/fr\\\/politique-dutilisation-acceptable\\\/#breadcrumb\",\"itemListElement\":[{\"@type\":\"ListItem\",\"position\":1,\"name\":\"Home\",\"item\":\"https:\\\/\\\/www.jolera.com\\\/fr\\\/\"},{\"@type\":\"ListItem\",\"position\":2,\"name\":\"Politique d&#8217;utilisation acceptable\"}]},{\"@type\":\"WebSite\",\"@id\":\"https:\\\/\\\/www.jolera.com\\\/fr\\\/#website\",\"url\":\"https:\\\/\\\/www.jolera.com\\\/fr\\\/\",\"name\":\"Global Systems Integrator \u2013 IT & Cybersecurity\",\"description\":\"Global Systems Integrator\",\"publisher\":{\"@id\":\"https:\\\/\\\/www.jolera.com\\\/fr\\\/#organization\"},\"potentialAction\":[{\"@type\":\"SearchAction\",\"target\":{\"@type\":\"EntryPoint\",\"urlTemplate\":\"https:\\\/\\\/www.jolera.com\\\/fr\\\/?s={search_term_string}\"},\"query-input\":{\"@type\":\"PropertyValueSpecification\",\"valueRequired\":true,\"valueName\":\"search_term_string\"}}],\"inLanguage\":\"fr-FR\"},{\"@type\":\"Organization\",\"@id\":\"https:\\\/\\\/www.jolera.com\\\/fr\\\/#organization\",\"name\":\"Jolera\",\"url\":\"https:\\\/\\\/www.jolera.com\\\/fr\\\/\",\"logo\":{\"@type\":\"ImageObject\",\"inLanguage\":\"fr-FR\",\"@id\":\"https:\\\/\\\/www.jolera.com\\\/fr\\\/#\\\/schema\\\/logo\\\/image\\\/\",\"url\":\"https:\\\/\\\/www.jolera.com\\\/wp-content\\\/uploads\\\/2024\\\/10\\\/Jolera-logo-blue-sq.png\",\"contentUrl\":\"https:\\\/\\\/www.jolera.com\\\/wp-content\\\/uploads\\\/2024\\\/10\\\/Jolera-logo-blue-sq.png\",\"width\":400,\"height\":400,\"caption\":\"Jolera\"},\"image\":{\"@id\":\"https:\\\/\\\/www.jolera.com\\\/fr\\\/#\\\/schema\\\/logo\\\/image\\\/\"},\"sameAs\":[\"https:\\\/\\\/www.facebook.com\\\/jolerainc\\\/\",\"https:\\\/\\\/x.com\\\/jolera\",\"https:\\\/\\\/www.instagram.com\\\/jolerainc\\\/\",\"https:\\\/\\\/www.linkedin.com\\\/company\\\/jolera\\\/\",\"https:\\\/\\\/www.youtube.com\\\/@JoleraTV\"]}]}<\/script>\n<!-- \/ Yoast SEO plugin. -->","yoast_head_json":{"title":"Politique d'utilisation acceptable - Jolera","description":"Lisez la politique d'utilisation acceptable de Jolera, qui d\u00e9crit les utilisations correctes et interdites de nos services et de notre infrastructure.","robots":{"index":"index","follow":"follow","max-snippet":"max-snippet:-1","max-image-preview":"max-image-preview:large","max-video-preview":"max-video-preview:-1"},"canonical":"https:\/\/www.jolera.com\/fr\/politique-dutilisation-acceptable\/","og_locale":"fr_FR","og_type":"article","og_title":"Politique d'utilisation acceptable - Jolera","og_description":"Lisez la politique d'utilisation acceptable de Jolera, qui d\u00e9crit les utilisations correctes et interdites de nos services et de notre infrastructure.","og_url":"https:\/\/www.jolera.com\/fr\/politique-dutilisation-acceptable\/","og_site_name":"Jolera","article_publisher":"https:\/\/www.facebook.com\/jolerainc\/","article_modified_time":"2025-07-07T10:05:10+00:00","twitter_card":"summary_large_image","twitter_site":"@jolera","twitter_misc":{"Est. reading time":"5 minutes"},"schema":{"@context":"https:\/\/schema.org","@graph":[{"@type":"WebPage","@id":"https:\/\/www.jolera.com\/fr\/politique-dutilisation-acceptable\/","url":"https:\/\/www.jolera.com\/fr\/politique-dutilisation-acceptable\/","name":"Politique d'utilisation acceptable - Jolera","isPartOf":{"@id":"https:\/\/www.jolera.com\/fr\/#website"},"datePublished":"2024-09-02T10:50:49+00:00","dateModified":"2025-07-07T10:05:10+00:00","description":"Lisez la politique d'utilisation acceptable de Jolera, qui d\u00e9crit les utilisations correctes et interdites de nos services et de notre infrastructure.","breadcrumb":{"@id":"https:\/\/www.jolera.com\/fr\/politique-dutilisation-acceptable\/#breadcrumb"},"inLanguage":"fr-FR","potentialAction":[{"@type":"ReadAction","target":["https:\/\/www.jolera.com\/fr\/politique-dutilisation-acceptable\/"]}]},{"@type":"BreadcrumbList","@id":"https:\/\/www.jolera.com\/fr\/politique-dutilisation-acceptable\/#breadcrumb","itemListElement":[{"@type":"ListItem","position":1,"name":"Home","item":"https:\/\/www.jolera.com\/fr\/"},{"@type":"ListItem","position":2,"name":"Politique d&#8217;utilisation acceptable"}]},{"@type":"WebSite","@id":"https:\/\/www.jolera.com\/fr\/#website","url":"https:\/\/www.jolera.com\/fr\/","name":"Global Systems Integrator \u2013 IT & Cybersecurity","description":"Global Systems Integrator","publisher":{"@id":"https:\/\/www.jolera.com\/fr\/#organization"},"potentialAction":[{"@type":"SearchAction","target":{"@type":"EntryPoint","urlTemplate":"https:\/\/www.jolera.com\/fr\/?s={search_term_string}"},"query-input":{"@type":"PropertyValueSpecification","valueRequired":true,"valueName":"search_term_string"}}],"inLanguage":"fr-FR"},{"@type":"Organization","@id":"https:\/\/www.jolera.com\/fr\/#organization","name":"Jolera","url":"https:\/\/www.jolera.com\/fr\/","logo":{"@type":"ImageObject","inLanguage":"fr-FR","@id":"https:\/\/www.jolera.com\/fr\/#\/schema\/logo\/image\/","url":"https:\/\/www.jolera.com\/wp-content\/uploads\/2024\/10\/Jolera-logo-blue-sq.png","contentUrl":"https:\/\/www.jolera.com\/wp-content\/uploads\/2024\/10\/Jolera-logo-blue-sq.png","width":400,"height":400,"caption":"Jolera"},"image":{"@id":"https:\/\/www.jolera.com\/fr\/#\/schema\/logo\/image\/"},"sameAs":["https:\/\/www.facebook.com\/jolerainc\/","https:\/\/x.com\/jolera","https:\/\/www.instagram.com\/jolerainc\/","https:\/\/www.linkedin.com\/company\/jolera\/","https:\/\/www.youtube.com\/@JoleraTV"]}]}},"_links":{"self":[{"href":"https:\/\/www.jolera.com\/fr\/wp-json\/wp\/v2\/pages\/240479","targetHints":{"allow":["GET"]}}],"collection":[{"href":"https:\/\/www.jolera.com\/fr\/wp-json\/wp\/v2\/pages"}],"about":[{"href":"https:\/\/www.jolera.com\/fr\/wp-json\/wp\/v2\/types\/page"}],"author":[{"embeddable":true,"href":"https:\/\/www.jolera.com\/fr\/wp-json\/wp\/v2\/users\/1"}],"replies":[{"embeddable":true,"href":"https:\/\/www.jolera.com\/fr\/wp-json\/wp\/v2\/comments?post=240479"}],"version-history":[{"count":0,"href":"https:\/\/www.jolera.com\/fr\/wp-json\/wp\/v2\/pages\/240479\/revisions"}],"wp:attachment":[{"href":"https:\/\/www.jolera.com\/fr\/wp-json\/wp\/v2\/media?parent=240479"}],"curies":[{"name":"wp","href":"https:\/\/api.w.org\/{rel}","templated":true}]}}