{"id":240440,"date":"2024-09-19T15:38:08","date_gmt":"2024-09-19T15:38:08","guid":{"rendered":"https:\/\/www.jolera.com\/demande-de-partenariat\/"},"modified":"2025-10-06T18:03:41","modified_gmt":"2025-10-06T18:03:41","slug":"demande-de-partenariat","status":"publish","type":"page","link":"https:\/\/www.jolera.com\/fr\/demande-de-partenariat\/","title":{"rendered":"Demande de partenariat"},"content":{"rendered":"<p>[et_pb_section fb_built=&#8221;1&#8243; _builder_version=&#8221;4.27.4&#8243; _module_preset=&#8221;default&#8221; custom_padding=&#8221;||||false|false&#8221; hover_enabled=&#8221;0&#8243; da_disable_devices=&#8221;off|off|off&#8221; global_colors_info=&#8221;{}&#8221; sticky_enabled=&#8221;0&#8243; da_is_popup=&#8221;off&#8221; da_exit_intent=&#8221;off&#8221; da_has_close=&#8221;on&#8221; da_alt_close=&#8221;off&#8221; da_dark_close=&#8221;off&#8221; da_not_modal=&#8221;on&#8221; da_is_singular=&#8221;off&#8221; da_with_loader=&#8221;off&#8221; da_has_shadow=&#8221;on&#8221;][et_pb_row _builder_version=&#8221;4.27.4&#8243; _module_preset=&#8221;default&#8221; custom_padding=&#8221;120px||||false|false&#8221; global_colors_info=&#8221;{}&#8221;][et_pb_column type=&#8221;4_4&#8243; _builder_version=&#8221;4.27.4&#8243; _module_preset=&#8221;default&#8221; global_colors_info=&#8221;{}&#8221;][et_pb_text content_tablet=&#8221;<\/p>\n<h4 style=%22text-align: center;%22>Demande de partenariat<\/h4>\n<p>&#8221; content_phone=&#8221;<\/p>\n<h4 style=%22text-align: center;%22>Demande de partenariat<\/h4>\n<p>&#8221; content_last_edited=&#8221;on|phone&#8221; _builder_version=&#8221;4.27.2&#8243; _module_preset=&#8221;default&#8221; header_font=&#8221;&#8211;et_global_heading_font|700|||||||&#8221; header_text_align=&#8221;center&#8221; custom_padding=&#8221;||30px||false|false&#8221; hover_enabled=&#8221;0&#8243; custom_css_free_form=&#8221;selector h2 {||  font-size: 3.052rem !important;||font-weight: 700;||line-height: 56px;||}||||selector h4 {||  font-size: 1.953rem !important;||font-weight: 700;||line-height: 32px;||}&#8221; global_colors_info=&#8221;{}&#8221; sticky_enabled=&#8221;0&#8243;]<\/p>\n<h2 style=\"text-align: center;\">Demande de partenariat<\/h2>\n<p>[\/et_pb_text][\/et_pb_column][\/et_pb_row][et_pb_row _builder_version=&#8221;4.27.4&#8243; _module_preset=&#8221;default&#8221; custom_padding=&#8221;||||true|true&#8221; hover_enabled=&#8221;0&#8243; border_radii=&#8221;on|12px|12px|12px|12px&#8221; box_shadow_style=&#8221;preset1&#8243; global_colors_info=&#8221;{}&#8221; sticky_enabled=&#8221;0&#8243;][et_pb_column type=&#8221;4_4&#8243; _builder_version=&#8221;4.27.4&#8243; _module_preset=&#8221;default&#8221; global_colors_info=&#8221;{}&#8221;][et_pb_code _builder_version=&#8221;4.27.4&#8243; _module_preset=&#8221;default&#8221; custom_padding_last_edited=&#8221;on|phone&#8221; custom_padding=&#8221;30px|30px|30px|30px|true|true&#8221; hover_enabled=&#8221;0&#8243; sticky_enabled=&#8221;0&#8243; custom_padding_phone=&#8221;15px|15px|15px|15px|true|true&#8221; custom_padding_tablet=&#8221;30px|30px|30px|30px|true|true&#8221;]<script charset=\"utf-8\" type=\"text\/javascript\" src=\"\/\/js.hsforms.net\/forms\/embed\/v2.js\"><\/script><!-- [et_pb_line_break_holder] --><script><!-- [et_pb_line_break_holder] -->  hbspt.forms.create({<!-- [et_pb_line_break_holder] -->    portalId: \"7765243\",<!-- [et_pb_line_break_holder] -->    formId: \"92d522fd-6597-4fba-8ef1-713cfa421900\",<!-- [et_pb_line_break_holder] -->    region: \"na1\"<!-- [et_pb_line_break_holder] -->  });<!-- [et_pb_line_break_holder] --><\/script>[\/et_pb_code][\/et_pb_column][\/et_pb_row][\/et_pb_section]<\/p>\n","protected":false},"excerpt":{"rendered":"<p>Demande de partenariat<\/p>\n","protected":false},"author":3,"featured_media":0,"parent":0,"menu_order":0,"comment_status":"closed","ping_status":"closed","template":"","meta":{"_et_pb_use_builder":"on","_et_pb_old_content":"","_et_gb_content_width":"","inline_featured_image":false,"footnotes":""},"class_list":["post-240440","page","type-page","status-publish","hentry"],"yoast_head":"<!-- This site is optimized with the Yoast SEO plugin v27.4 - https:\/\/yoast.com\/product\/yoast-seo-wordpress\/ -->\n<title>Postuler pour devenir partenaire de solutions IT | Jolera<\/title>\n<meta name=\"description\" content=\"Soumettez votre candidature pour rejoindre le r\u00e9seau mondial de partenaires de Jolera et \u00e9largissez votre offre de services informatiques avec des solutions g\u00e9r\u00e9es et une assistance compl\u00e8te.\" \/>\n<meta name=\"robots\" content=\"index, follow, max-snippet:-1, max-image-preview:large, max-video-preview:-1\" \/>\n<link rel=\"canonical\" href=\"https:\/\/www.jolera.com\/fr\/demande-de-partenariat\/\" \/>\n<meta property=\"og:locale\" content=\"fr_FR\" \/>\n<meta property=\"og:type\" content=\"article\" \/>\n<meta property=\"og:title\" content=\"Postuler pour devenir partenaire de solutions IT | Jolera\" \/>\n<meta property=\"og:description\" content=\"Soumettez votre candidature pour rejoindre le r\u00e9seau mondial de partenaires de Jolera et \u00e9largissez votre offre de services informatiques avec des solutions g\u00e9r\u00e9es et une assistance compl\u00e8te.\" \/>\n<meta property=\"og:url\" content=\"https:\/\/www.jolera.com\/fr\/demande-de-partenariat\/\" \/>\n<meta property=\"og:site_name\" content=\"Jolera\" \/>\n<meta property=\"article:publisher\" content=\"https:\/\/www.facebook.com\/jolerainc\/\" \/>\n<meta property=\"article:modified_time\" content=\"2025-10-06T18:03:41+00:00\" \/>\n<meta name=\"twitter:card\" content=\"summary_large_image\" \/>\n<meta name=\"twitter:site\" content=\"@jolera\" \/>\n<meta name=\"twitter:label1\" content=\"Est. reading time\" \/>\n\t<meta name=\"twitter:data1\" content=\"1 minute\" \/>\n<script type=\"application\/ld+json\" class=\"yoast-schema-graph\">{\"@context\":\"https:\\\/\\\/schema.org\",\"@graph\":[{\"@type\":\"WebPage\",\"@id\":\"https:\\\/\\\/www.jolera.com\\\/fr\\\/demande-de-partenariat\\\/\",\"url\":\"https:\\\/\\\/www.jolera.com\\\/fr\\\/demande-de-partenariat\\\/\",\"name\":\"Postuler pour devenir partenaire de solutions IT | Jolera\",\"isPartOf\":{\"@id\":\"https:\\\/\\\/www.jolera.com\\\/fr\\\/#website\"},\"datePublished\":\"2024-09-19T15:38:08+00:00\",\"dateModified\":\"2025-10-06T18:03:41+00:00\",\"description\":\"Soumettez votre candidature pour rejoindre le r\u00e9seau mondial de partenaires de Jolera et \u00e9largissez votre offre de services informatiques avec des solutions g\u00e9r\u00e9es et une assistance compl\u00e8te.\",\"breadcrumb\":{\"@id\":\"https:\\\/\\\/www.jolera.com\\\/fr\\\/demande-de-partenariat\\\/#breadcrumb\"},\"inLanguage\":\"fr-FR\",\"potentialAction\":[{\"@type\":\"ReadAction\",\"target\":[\"https:\\\/\\\/www.jolera.com\\\/fr\\\/demande-de-partenariat\\\/\"]}]},{\"@type\":\"BreadcrumbList\",\"@id\":\"https:\\\/\\\/www.jolera.com\\\/fr\\\/demande-de-partenariat\\\/#breadcrumb\",\"itemListElement\":[{\"@type\":\"ListItem\",\"position\":1,\"name\":\"Home\",\"item\":\"https:\\\/\\\/www.jolera.com\\\/fr\\\/\"},{\"@type\":\"ListItem\",\"position\":2,\"name\":\"Demande de partenariat\"}]},{\"@type\":\"WebSite\",\"@id\":\"https:\\\/\\\/www.jolera.com\\\/fr\\\/#website\",\"url\":\"https:\\\/\\\/www.jolera.com\\\/fr\\\/\",\"name\":\"Global Systems Integrator \u2013 IT & Cybersecurity\",\"description\":\"Global Systems Integrator\",\"publisher\":{\"@id\":\"https:\\\/\\\/www.jolera.com\\\/fr\\\/#organization\"},\"potentialAction\":[{\"@type\":\"SearchAction\",\"target\":{\"@type\":\"EntryPoint\",\"urlTemplate\":\"https:\\\/\\\/www.jolera.com\\\/fr\\\/?s={search_term_string}\"},\"query-input\":{\"@type\":\"PropertyValueSpecification\",\"valueRequired\":true,\"valueName\":\"search_term_string\"}}],\"inLanguage\":\"fr-FR\"},{\"@type\":\"Organization\",\"@id\":\"https:\\\/\\\/www.jolera.com\\\/fr\\\/#organization\",\"name\":\"Jolera\",\"url\":\"https:\\\/\\\/www.jolera.com\\\/fr\\\/\",\"logo\":{\"@type\":\"ImageObject\",\"inLanguage\":\"fr-FR\",\"@id\":\"https:\\\/\\\/www.jolera.com\\\/fr\\\/#\\\/schema\\\/logo\\\/image\\\/\",\"url\":\"https:\\\/\\\/www.jolera.com\\\/wp-content\\\/uploads\\\/2024\\\/10\\\/Jolera-logo-blue-sq.png\",\"contentUrl\":\"https:\\\/\\\/www.jolera.com\\\/wp-content\\\/uploads\\\/2024\\\/10\\\/Jolera-logo-blue-sq.png\",\"width\":400,\"height\":400,\"caption\":\"Jolera\"},\"image\":{\"@id\":\"https:\\\/\\\/www.jolera.com\\\/fr\\\/#\\\/schema\\\/logo\\\/image\\\/\"},\"sameAs\":[\"https:\\\/\\\/www.facebook.com\\\/jolerainc\\\/\",\"https:\\\/\\\/x.com\\\/jolera\",\"https:\\\/\\\/www.instagram.com\\\/jolerainc\\\/\",\"https:\\\/\\\/www.linkedin.com\\\/company\\\/jolera\\\/\",\"https:\\\/\\\/www.youtube.com\\\/@JoleraTV\"]}]}<\/script>\n<!-- \/ Yoast SEO plugin. -->","yoast_head_json":{"title":"Postuler pour devenir partenaire de solutions IT | Jolera","description":"Soumettez votre candidature pour rejoindre le r\u00e9seau mondial de partenaires de Jolera et \u00e9largissez votre offre de services informatiques avec des solutions g\u00e9r\u00e9es et une assistance compl\u00e8te.","robots":{"index":"index","follow":"follow","max-snippet":"max-snippet:-1","max-image-preview":"max-image-preview:large","max-video-preview":"max-video-preview:-1"},"canonical":"https:\/\/www.jolera.com\/fr\/demande-de-partenariat\/","og_locale":"fr_FR","og_type":"article","og_title":"Postuler pour devenir partenaire de solutions IT | Jolera","og_description":"Soumettez votre candidature pour rejoindre le r\u00e9seau mondial de partenaires de Jolera et \u00e9largissez votre offre de services informatiques avec des solutions g\u00e9r\u00e9es et une assistance compl\u00e8te.","og_url":"https:\/\/www.jolera.com\/fr\/demande-de-partenariat\/","og_site_name":"Jolera","article_publisher":"https:\/\/www.facebook.com\/jolerainc\/","article_modified_time":"2025-10-06T18:03:41+00:00","twitter_card":"summary_large_image","twitter_site":"@jolera","twitter_misc":{"Est. reading time":"1 minute"},"schema":{"@context":"https:\/\/schema.org","@graph":[{"@type":"WebPage","@id":"https:\/\/www.jolera.com\/fr\/demande-de-partenariat\/","url":"https:\/\/www.jolera.com\/fr\/demande-de-partenariat\/","name":"Postuler pour devenir partenaire de solutions IT | Jolera","isPartOf":{"@id":"https:\/\/www.jolera.com\/fr\/#website"},"datePublished":"2024-09-19T15:38:08+00:00","dateModified":"2025-10-06T18:03:41+00:00","description":"Soumettez votre candidature pour rejoindre le r\u00e9seau mondial de partenaires de Jolera et \u00e9largissez votre offre de services informatiques avec des solutions g\u00e9r\u00e9es et une assistance compl\u00e8te.","breadcrumb":{"@id":"https:\/\/www.jolera.com\/fr\/demande-de-partenariat\/#breadcrumb"},"inLanguage":"fr-FR","potentialAction":[{"@type":"ReadAction","target":["https:\/\/www.jolera.com\/fr\/demande-de-partenariat\/"]}]},{"@type":"BreadcrumbList","@id":"https:\/\/www.jolera.com\/fr\/demande-de-partenariat\/#breadcrumb","itemListElement":[{"@type":"ListItem","position":1,"name":"Home","item":"https:\/\/www.jolera.com\/fr\/"},{"@type":"ListItem","position":2,"name":"Demande de partenariat"}]},{"@type":"WebSite","@id":"https:\/\/www.jolera.com\/fr\/#website","url":"https:\/\/www.jolera.com\/fr\/","name":"Global Systems Integrator \u2013 IT & Cybersecurity","description":"Global Systems Integrator","publisher":{"@id":"https:\/\/www.jolera.com\/fr\/#organization"},"potentialAction":[{"@type":"SearchAction","target":{"@type":"EntryPoint","urlTemplate":"https:\/\/www.jolera.com\/fr\/?s={search_term_string}"},"query-input":{"@type":"PropertyValueSpecification","valueRequired":true,"valueName":"search_term_string"}}],"inLanguage":"fr-FR"},{"@type":"Organization","@id":"https:\/\/www.jolera.com\/fr\/#organization","name":"Jolera","url":"https:\/\/www.jolera.com\/fr\/","logo":{"@type":"ImageObject","inLanguage":"fr-FR","@id":"https:\/\/www.jolera.com\/fr\/#\/schema\/logo\/image\/","url":"https:\/\/www.jolera.com\/wp-content\/uploads\/2024\/10\/Jolera-logo-blue-sq.png","contentUrl":"https:\/\/www.jolera.com\/wp-content\/uploads\/2024\/10\/Jolera-logo-blue-sq.png","width":400,"height":400,"caption":"Jolera"},"image":{"@id":"https:\/\/www.jolera.com\/fr\/#\/schema\/logo\/image\/"},"sameAs":["https:\/\/www.facebook.com\/jolerainc\/","https:\/\/x.com\/jolera","https:\/\/www.instagram.com\/jolerainc\/","https:\/\/www.linkedin.com\/company\/jolera\/","https:\/\/www.youtube.com\/@JoleraTV"]}]}},"_links":{"self":[{"href":"https:\/\/www.jolera.com\/fr\/wp-json\/wp\/v2\/pages\/240440","targetHints":{"allow":["GET"]}}],"collection":[{"href":"https:\/\/www.jolera.com\/fr\/wp-json\/wp\/v2\/pages"}],"about":[{"href":"https:\/\/www.jolera.com\/fr\/wp-json\/wp\/v2\/types\/page"}],"author":[{"embeddable":true,"href":"https:\/\/www.jolera.com\/fr\/wp-json\/wp\/v2\/users\/3"}],"replies":[{"embeddable":true,"href":"https:\/\/www.jolera.com\/fr\/wp-json\/wp\/v2\/comments?post=240440"}],"version-history":[{"count":0,"href":"https:\/\/www.jolera.com\/fr\/wp-json\/wp\/v2\/pages\/240440\/revisions"}],"wp:attachment":[{"href":"https:\/\/www.jolera.com\/fr\/wp-json\/wp\/v2\/media?parent=240440"}],"curies":[{"name":"wp","href":"https:\/\/api.w.org\/{rel}","templated":true}]}}