{"id":239580,"date":"2024-09-02T10:50:49","date_gmt":"2024-09-02T10:50:49","guid":{"rendered":"https:\/\/www.jolera.com\/politica-de-uso-aceptable\/"},"modified":"2025-05-27T14:51:48","modified_gmt":"2025-05-27T14:51:48","slug":"politica-de-uso-aceptable","status":"publish","type":"page","link":"https:\/\/www.jolera.com\/es\/politica-de-uso-aceptable\/","title":{"rendered":"Pol\u00edtica de Uso Aceptable"},"content":{"rendered":"<p>[et_pb_section fb_built=&#8221;1&#8243; custom_padding_last_edited=&#8221;on|phone&#8221; _builder_version=&#8221;4.27.2&#8243; _module_preset=&#8221;default&#8221; custom_padding=&#8221;200px|32px||32px|false|false&#8221; custom_padding_tablet=&#8221;140px||||false|false&#8221; custom_padding_phone=&#8221;160px||||false|false&#8221; da_disable_devices=&#8221;off|off|off&#8221; global_colors_info=&#8221;{}&#8221; da_is_popup=&#8221;off&#8221; da_exit_intent=&#8221;off&#8221; da_has_close=&#8221;on&#8221; da_alt_close=&#8221;off&#8221; da_dark_close=&#8221;off&#8221; da_not_modal=&#8221;on&#8221; da_is_singular=&#8221;off&#8221; da_with_loader=&#8221;off&#8221; da_has_shadow=&#8221;on&#8221;][et_pb_row custom_padding_last_edited=&#8221;on|tablet&#8221; _builder_version=&#8221;4.27.2&#8243; _module_preset=&#8221;default&#8221; width=&#8221;100%&#8221; width_last_edited=&#8221;off|phone&#8221; custom_padding=&#8221;0px|0px|0px|0px|false|false&#8221; custom_padding_tablet=&#8221;|0px||0px|false|false&#8221; custom_padding_phone=&#8221;|0px||0px|false|false&#8221; global_colors_info=&#8221;{}&#8221;][et_pb_column type=&#8221;4_4&#8243; _builder_version=&#8221;4.27.0&#8243; _module_preset=&#8221;default&#8221; global_colors_info=&#8221;{}&#8221;][et_pb_code _builder_version=&#8221;4.27.2&#8243; _module_preset=&#8221;default&#8221; custom_margin=&#8221;0px||||false|false&#8221; custom_padding=&#8221;0px|0px||0px|false|false&#8221; custom_padding_tablet=&#8221;|0px||0px|false|false&#8221; custom_padding_phone=&#8221;|0px||0px|false|false&#8221; custom_padding_last_edited=&#8221;on|phone&#8221; global_colors_info=&#8221;{}&#8221;]<\/p>\n<div class=\"header-title-container\"><!-- [et_pb_line_break_holder] --><!-- [et_pb_line_break_holder] -->    <\/p>\n<div class=\"header-title-text\"><!-- [et_pb_line_break_holder] --> Pol\u00edtica de Uso Aceptable<!-- [et_pb_line_break_holder] -->      <\/div>\n<p><!-- [et_pb_line_break_holder] -->    <\/div>\n<p><!-- [et_pb_line_break_holder] -->    <!-- [et_pb_line_break_holder] -->    <pee class=\"legal-center-typography\">Fecha de entrada en vigor: 27 Ago 2024<\/pee><!-- [et_pb_line_break_holder] -->    <!-- [et_pb_line_break_holder] -->    <pee class=\"legal-center-typography\"><b>Jolera Inc.<\/b> se compromete a proporcionar un entorno seguro y fiable para nuestros usuarios. Esta Pol\u00edtica de Uso Aceptable (&#8220;PUA&#8221;) establece el uso aceptable de nuestros servicios, incluyendo nuestro sitio web, servicios en la nube y otras tecnolog\u00edas relacionadas (colectivamente, los &#8220;Servicios&#8221;). Al utilizar nuestros Servicios, usted acepta cumplir esta PUA.  <\/pee><!-- [et_pb_line_break_holder] -->    <!-- [et_pb_line_break_holder] -->    <pee class=\"legal-center-blue-title\">PROP\u00d3SITO<\/pee><!-- [et_pb_line_break_holder] -->    <pee class=\"legal-center-typography\">El prop\u00f3sito de esta PUA es describir las conductas y actividades aceptables y prohibidas relacionadas con el uso de los Servicios de Jolera. El objetivo es garantizar la seguridad, integridad y disponibilidad de nuestros Servicios y mantener una experiencia positiva para todos los usuarios. <\/pee><!-- [et_pb_line_break_holder] -->    <!-- [et_pb_line_break_holder] -->    <pee class=\"legal-center-blue-title\">USO ACEPTABLE<\/pee><!-- [et_pb_line_break_holder] -->    <pee class=\"legal-center-typography\">S\u00f3lo podr\u00e1 utilizar nuestros Servicios para fines l\u00edcitos y de conformidad con la presente PUA. Los usos aceptables incluyen: <\/pee><!-- [et_pb_line_break_holder] -->    <\/p>\n<ul class=\"legal-center-typography\"><!-- [et_pb_line_break_holder] -->        <\/p>\n<li class=\"legal-center-typography\">&#8211; Operaciones comerciales: Utilizaci\u00f3n de nuestros Servicios para llevar a cabo actividades empresariales leg\u00edtimas.<\/li>\n<p><!-- [et_pb_line_break_holder] -->        <\/p>\n<li class=\"legal-center-typography\">&#8211; Comunicaci\u00f3n: Uso de nuestros Servicios para la comunicaci\u00f3n legal con empleados, clientes y otras partes autorizadas.<\/li>\n<p><!-- [et_pb_line_break_holder] -->        <\/p>\n<li class=\"legal-center-typography\">&#8211; Cumplimiento: Garantizar que su uso de nuestros Servicios cumple con todas las leyes, reglamentos y obligaciones contractuales aplicables.<\/li>\n<p><!-- [et_pb_line_break_holder] -->    <\/ul>\n<p><!-- [et_pb_line_break_holder] -->    <!-- [et_pb_line_break_holder] -->    <pee class=\"legal-center-blue-title\">USO PROHIBIDO<\/pee><!-- [et_pb_line_break_holder] -->    <pee class=\"legal-center-typography\">No debe utilizar nuestros Servicios para ninguna actividad ilegal, perjudicial o perturbadora. Los usos prohibidos incluyen, pero no se limitan a: <\/pee><!-- [et_pb_line_break_holder] -->    <\/p>\n<ul class=\"legal-center-typography\"><!-- [et_pb_line_break_holder] -->        <\/p>\n<li class=\"legal-center-typography\">3.1.  <b>Actividades ilegales:<\/b><\/li>\n<p><!-- [et_pb_line_break_holder] -->        <\/p>\n<ul class=\"legal-center-typography\"><!-- [et_pb_line_break_holder] -->            <\/p>\n<li class=\"legal-center-typography\">&#8211; Participar en actividades ilegales o promoverlas, incluidos, entre otros, el fraude, la pirater\u00eda inform\u00e1tica, el robo de identidad y la pirater\u00eda.<\/li>\n<p><!-- [et_pb_line_break_holder] -->            <\/p>\n<li class=\"legal-center-typography\">&#8211; Distribuir o facilitar la distribuci\u00f3n de contenidos ilegales, incluidos, entre otros, software pirata, malware o material de explotaci\u00f3n infantil.<\/li>\n<p><!-- [et_pb_line_break_holder] -->        <\/ul>\n<p><!-- [et_pb_line_break_holder] -->        <\/p>\n<li class=\"legal-center-typography\">3.2.  <b>Acceso no autorizado:<\/b><\/li>\n<p><!-- [et_pb_line_break_holder] -->        <\/p>\n<ul class=\"legal-center-typography\"><!-- [et_pb_line_break_holder] -->            <\/p>\n<li class=\"legal-center-typography\">&#8211; Intentar obtener acceso no autorizado a sistemas, redes o datos que no le hayan sido expresamente concedidos, incluido el intento de eludir las medidas de seguridad.<\/li>\n<p><!-- [et_pb_line_break_holder] -->            <\/p>\n<li class=\"legal-center-typography\">&#8211; Utilizar la cuenta o las credenciales de otra persona sin permiso.<\/li>\n<p><!-- [et_pb_line_break_holder] -->        <\/ul>\n<p><!-- [et_pb_line_break_holder] -->        <\/p>\n<li class=\"legal-center-typography\">3.3.  <b>Violaciones de la seguridad:<\/b><\/li>\n<p><!-- [et_pb_line_break_holder] -->        <\/p>\n<ul class=\"legal-center-typography\"><!-- [et_pb_line_break_holder] -->            <\/p>\n<li class=\"legal-center-typography\">&#8211; Introducir malware, virus u otro software malicioso en nuestros sistemas.<\/li>\n<p><!-- [et_pb_line_break_holder] -->            <\/p>\n<li class=\"legal-center-typography\">&#8211; Participar en actividades que interrumpan, da\u00f1en o interfieran con nuestros Servicios o con otros usuarios, incluidos los ataques de denegaci\u00f3n de servicio (DoS) u otras formas de abuso de la red.<\/li>\n<p><!-- [et_pb_line_break_holder] -->        <\/ul>\n<p><!-- [et_pb_line_break_holder] -->        <\/p>\n<li class=\"legal-center-typography\">3.4.  <b>Infracci\u00f3n de la propiedad intelectual:<\/b><\/li>\n<p><!-- [et_pb_line_break_holder] -->        <\/p>\n<ul class=\"legal-center-typography\"><!-- [et_pb_line_break_holder] -->            <\/p>\n<li class=\"legal-center-typography\">&#8211; Utilizar nuestros Servicios de forma que se infrinjan los derechos de propiedad intelectual de terceros, incluido el uso o la distribuci\u00f3n no autorizados de materiales protegidos por derechos de autor.<\/li>\n<p><!-- [et_pb_line_break_holder] -->        <\/ul>\n<p><!-- [et_pb_line_break_holder] -->        <\/p>\n<li class=\"legal-center-typography\">3.5.  <b>Contenido inaceptable:<\/b><\/li>\n<p><!-- [et_pb_line_break_holder] -->        <\/p>\n<ul class=\"legal-center-typography\"><!-- [et_pb_line_break_holder] -->            <\/p>\n<li class=\"legal-center-typography\">&#8211; Publicar, transmitir o almacenar contenidos obscenos, difamatorios, amenazadores, acosadores o censurables por cualquier otro motivo.<\/li>\n<p><!-- [et_pb_line_break_holder] -->            <\/p>\n<li class=\"legal-center-typography\">&#8211; Participar en cualquier forma de acoso, incluido el env\u00edo de comunicaciones no deseadas o no solicitadas.<\/li>\n<p><!-- [et_pb_line_break_holder] -->        <\/ul>\n<p><!-- [et_pb_line_break_holder] -->        <\/p>\n<li class=\"legal-center-typography\">3.6.  <b>Spam y comunicaciones no solicitadas:<\/b><\/li>\n<p><!-- [et_pb_line_break_holder] -->        <\/p>\n<ul class=\"legal-center-typography\"><!-- [et_pb_line_break_holder] -->            <\/p>\n<li class=\"legal-center-typography\">&#8211; Enviar correos electr\u00f3nicos o mensajes comerciales no solicitados (spam) o participar en cualquier forma de abuso de correos electr\u00f3nicos o mensajes.<\/li>\n<p><!-- [et_pb_line_break_holder] -->            <\/p>\n<li class=\"legal-center-typography\">&#8211; Utilizar nuestros Servicios para cosechar, recopilar o almacenar direcciones de correo electr\u00f3nico u otra informaci\u00f3n personal para comunicaciones no solicitadas.<\/li>\n<p><!-- [et_pb_line_break_holder] -->        <\/ul>\n<p><!-- [et_pb_line_break_holder] -->    <\/ul>\n<p><!-- [et_pb_line_break_holder] -->    <!-- [et_pb_line_break_holder] -->    <pee class=\"legal-center-blue-title\">RESPONSABILIDADES DEL USUARIO<\/pee><!-- [et_pb_line_break_holder] -->    <pee class=\"legal-center-typography\">Usted es responsable de:<\/pee><!-- [et_pb_line_break_holder] -->    <\/p>\n<ul class=\"legal-center-typography\"><!-- [et_pb_line_break_holder] -->        <\/p>\n<li class=\"legal-center-typography\">&#8211; <b>Seguridad de la cuenta:<\/b> Mantener la seguridad y confidencialidad de las credenciales de su cuenta y notificarnos inmediatamente cualquier uso no autorizado o violaci\u00f3n de la seguridad.<\/li>\n<p><!-- [et_pb_line_break_holder] -->        <\/p>\n<li class=\"legal-center-typography\">&#8211; <b>Cumplimiento:<\/b> Garantizar que su uso de nuestros Servicios cumple con esta PUA, las leyes aplicables y cualquier otro acuerdo que tenga con nosotros.<\/li>\n<p><!-- [et_pb_line_break_holder] -->        <\/p>\n<li class=\"legal-center-typography\">&#8211; <b>Supervisi\u00f3n:<\/b> Supervisi\u00f3n peri\u00f3dica de su uso de nuestros Servicios para garantizar el cumplimiento de esta PUA.<\/li>\n<p><!-- [et_pb_line_break_holder] -->    <\/ul>\n<p><!-- [et_pb_line_break_holder] -->    <!-- [et_pb_line_break_holder] -->    <pee class=\"legal-center-blue-title\">APLICACI\u00d3N Y CONSECUENCIAS<\/pee><!-- [et_pb_line_break_holder] -->    <pee class=\"legal-center-typography\">Nos reservamos el derecho a investigar cualquier sospecha de violaci\u00f3n de esta PUA y a tomar las medidas oportunas, que pueden incluir:<\/pee><!-- [et_pb_line_break_holder] -->    <\/p>\n<ul class=\"legal-center-typography\"><!-- [et_pb_line_break_holder] -->        <\/p>\n<li class=\"legal-center-typography\">&#8211; <b>Suspensi\u00f3n o Terminaci\u00f3n:<\/b> Suspensi\u00f3n o terminaci\u00f3n de su acceso a nuestros Servicios.<\/li>\n<p><!-- [et_pb_line_break_holder] -->        <\/p>\n<li class=\"legal-center-typography\">&#8211; <b>Acciones legales:<\/b> La interposici\u00f3n de recursos legales por los da\u00f1os o p\u00e9rdidas sufridos como consecuencia de sus infracciones.<\/li>\n<p><!-- [et_pb_line_break_holder] -->        <\/p>\n<li class=\"legal-center-typography\">&#8211; <b>Notificaci\u00f3n:<\/b> Notific\u00e1ndole cualquier medida adoptada y ofreci\u00e9ndole una oportunidad razonable para responder a las alegaciones de infracciones.<\/li>\n<p><!-- [et_pb_line_break_holder] -->    <\/ul>\n<p><!-- [et_pb_line_break_holder] -->    <!-- [et_pb_line_break_holder] -->    <pee class=\"legal-center-blue-title\">NOTIFICACI\u00d3N DE INFRACCIONES<\/pee><!-- [et_pb_line_break_holder] -->    <pee class=\"legal-center-typography\">Si tiene conocimiento de alguna infracci\u00f3n de esta PUA o le preocupa el uso de nuestros Servicios, le rogamos que nos lo comunique a:<\/pee><!-- [et_pb_line_break_holder] -->    <pee class=\"legal-center-typography\">Jolera Inc.<\/pee><!-- [et_pb_line_break_holder] -->    <pee><a class=\"legal-center-blue-link\" href=\"mailto:info@jolera.com\">info@jolera.com<\/a><pee><!-- [et_pb_line_break_holder] -->    <pee class=\"legal-center-typography\">+1 416 410-1011 o +351 226 000 110<\/pee><!-- [et_pb_line_break_holder] -->    <!-- [et_pb_line_break_holder] -->    <pee class=\"legal-center-blue-title\">MODIFICACI\u00d3N DE ESTA POL\u00cdTICA<\/pee><!-- [et_pb_line_break_holder] -->    <pee class=\"legal-center-typography\">Podemos actualizar esta PUA de vez en cuando para reflejar cambios en nuestras pr\u00e1cticas o requisitos legales. Le notificaremos cualquier cambio material publicando la pol\u00edtica actualizada en nuestro sitio web con una fecha de entrada en vigor actualizada. Su uso continuado de nuestros Servicios despu\u00e9s de la fecha efectiva de cualquier cambio constituye su aceptaci\u00f3n de la PUA revisada.  <\/pee><!-- [et_pb_line_break_holder] -->    <!-- [et_pb_line_break_holder] -->    <pee class=\"legal-center-blue-title\">INFORMACI\u00d3N DE CONTACTO<\/pee><!-- [et_pb_line_break_holder] -->    <pee class=\"legal-center-typography\">Si tiene alguna pregunta sobre esta Pol\u00edtica de Uso Aceptable o necesita m\u00e1s informaci\u00f3n, p\u00f3ngase en contacto con nosotros en:<!\u2013- [et_pb_br_holder] -\u2013><!-- [et_pb_line_break_holder] --><a class=\"legal-center-blue-link\" href=\"mailto:info@jolera.com\">info@jolera.com<\/a><\/pee><!-- [et_pb_line_break_holder] --><!-- [et_pb_line_break_holder] -->    <pee class=\"legal-center-typography\">Jolera Inc.<!\u2013- [et_pb_br_holder] -\u2013><!-- [et_pb_line_break_holder] --> 365 Bloor St E 2nd floor<!\u2013- [et_pb_br_holder] -\u2013><!-- [et_pb_line_break_holder] --> Toronto, ON M4W 3L4, Canada<!\u2013- [et_pb_br_holder] -\u2013><!-- [et_pb_line_break_holder] --> +1 416 410-1011<\/pee><!-- [et_pb_line_break_holder] -->    <!-- [et_pb_line_break_holder] -->    <pee class=\"legal-center-typography\">O<\/pee><!-- [et_pb_line_break_holder] -->    <!-- [et_pb_line_break_holder] -->    <pee class=\"legal-center-typography\">Jolera Inc.<!\u2013- [et_pb_br_holder] -\u2013><!-- [et_pb_line_break_holder] -->  Av. da Boavista 2099 <!\u2013- [et_pb_br_holder] -\u2013><!-- [et_pb_line_break_holder] -->  4100-100 Oporto, Portugal<!\u2013- [et_pb_br_holder] -\u2013><!-- [et_pb_line_break_holder] -->  +351 226 000 110<\/pee><!-- [et_pb_line_break_holder] -->[\/et_pb_code][\/et_pb_column][\/et_pb_row][\/et_pb_section]<\/p>\n","protected":false},"excerpt":{"rendered":"","protected":false},"author":1,"featured_media":0,"parent":0,"menu_order":0,"comment_status":"closed","ping_status":"closed","template":"","meta":{"_et_pb_use_builder":"on","_et_pb_old_content":"","_et_gb_content_width":"","inline_featured_image":false,"footnotes":""},"class_list":["post-239580","page","type-page","status-publish","hentry"],"yoast_head":"<!-- This site is optimized with the Yoast SEO plugin v27.4 - https:\/\/yoast.com\/product\/yoast-seo-wordpress\/ -->\n<title>Pol\u00edtica de uso aceptable | Jolera<\/title>\n<meta name=\"description\" content=\"Lee la Pol\u00edtica de Uso Aceptable de Jolera en la que se describen los usos adecuados y prohibidos de nuestros servicios e infraestructura.\" \/>\n<meta name=\"robots\" content=\"index, follow, max-snippet:-1, max-image-preview:large, max-video-preview:-1\" \/>\n<link rel=\"canonical\" href=\"https:\/\/www.jolera.com\/es\/politica-de-uso-aceptable\/\" \/>\n<meta property=\"og:locale\" content=\"es_ES\" \/>\n<meta property=\"og:type\" content=\"article\" \/>\n<meta property=\"og:title\" content=\"Pol\u00edtica de uso aceptable | Jolera\" \/>\n<meta property=\"og:description\" content=\"Lee la Pol\u00edtica de Uso Aceptable de Jolera en la que se describen los usos adecuados y prohibidos de nuestros servicios e infraestructura.\" \/>\n<meta property=\"og:url\" content=\"https:\/\/www.jolera.com\/es\/politica-de-uso-aceptable\/\" \/>\n<meta property=\"og:site_name\" content=\"Jolera\" \/>\n<meta property=\"article:publisher\" content=\"https:\/\/www.facebook.com\/jolerainc\/\" \/>\n<meta property=\"article:modified_time\" content=\"2025-05-27T14:51:48+00:00\" \/>\n<meta name=\"twitter:card\" content=\"summary_large_image\" \/>\n<meta name=\"twitter:site\" content=\"@jolera\" \/>\n<meta name=\"twitter:label1\" content=\"Tiempo de lectura\" \/>\n\t<meta name=\"twitter:data1\" content=\"5 minutos\" \/>\n<script type=\"application\/ld+json\" class=\"yoast-schema-graph\">{\"@context\":\"https:\\\/\\\/schema.org\",\"@graph\":[{\"@type\":\"WebPage\",\"@id\":\"https:\\\/\\\/www.jolera.com\\\/es\\\/politica-de-uso-aceptable\\\/\",\"url\":\"https:\\\/\\\/www.jolera.com\\\/es\\\/politica-de-uso-aceptable\\\/\",\"name\":\"Pol\u00edtica de uso aceptable | Jolera\",\"isPartOf\":{\"@id\":\"https:\\\/\\\/www.jolera.com\\\/es\\\/#website\"},\"datePublished\":\"2024-09-02T10:50:49+00:00\",\"dateModified\":\"2025-05-27T14:51:48+00:00\",\"description\":\"Lee la Pol\u00edtica de Uso Aceptable de Jolera en la que se describen los usos adecuados y prohibidos de nuestros servicios e infraestructura.\",\"breadcrumb\":{\"@id\":\"https:\\\/\\\/www.jolera.com\\\/es\\\/politica-de-uso-aceptable\\\/#breadcrumb\"},\"inLanguage\":\"es\",\"potentialAction\":[{\"@type\":\"ReadAction\",\"target\":[\"https:\\\/\\\/www.jolera.com\\\/es\\\/politica-de-uso-aceptable\\\/\"]}]},{\"@type\":\"BreadcrumbList\",\"@id\":\"https:\\\/\\\/www.jolera.com\\\/es\\\/politica-de-uso-aceptable\\\/#breadcrumb\",\"itemListElement\":[{\"@type\":\"ListItem\",\"position\":1,\"name\":\"Home\",\"item\":\"https:\\\/\\\/www.jolera.com\\\/es\\\/\"},{\"@type\":\"ListItem\",\"position\":2,\"name\":\"Pol\u00edtica de Uso Aceptable\"}]},{\"@type\":\"WebSite\",\"@id\":\"https:\\\/\\\/www.jolera.com\\\/es\\\/#website\",\"url\":\"https:\\\/\\\/www.jolera.com\\\/es\\\/\",\"name\":\"Global Systems Integrator \u2013 IT & Cybersecurity\",\"description\":\"Global Systems Integrator\",\"publisher\":{\"@id\":\"https:\\\/\\\/www.jolera.com\\\/es\\\/#organization\"},\"potentialAction\":[{\"@type\":\"SearchAction\",\"target\":{\"@type\":\"EntryPoint\",\"urlTemplate\":\"https:\\\/\\\/www.jolera.com\\\/es\\\/?s={search_term_string}\"},\"query-input\":{\"@type\":\"PropertyValueSpecification\",\"valueRequired\":true,\"valueName\":\"search_term_string\"}}],\"inLanguage\":\"es\"},{\"@type\":\"Organization\",\"@id\":\"https:\\\/\\\/www.jolera.com\\\/es\\\/#organization\",\"name\":\"Jolera\",\"url\":\"https:\\\/\\\/www.jolera.com\\\/es\\\/\",\"logo\":{\"@type\":\"ImageObject\",\"inLanguage\":\"es\",\"@id\":\"https:\\\/\\\/www.jolera.com\\\/es\\\/#\\\/schema\\\/logo\\\/image\\\/\",\"url\":\"https:\\\/\\\/www.jolera.com\\\/wp-content\\\/uploads\\\/2024\\\/10\\\/Jolera-logo-blue-sq.png\",\"contentUrl\":\"https:\\\/\\\/www.jolera.com\\\/wp-content\\\/uploads\\\/2024\\\/10\\\/Jolera-logo-blue-sq.png\",\"width\":400,\"height\":400,\"caption\":\"Jolera\"},\"image\":{\"@id\":\"https:\\\/\\\/www.jolera.com\\\/es\\\/#\\\/schema\\\/logo\\\/image\\\/\"},\"sameAs\":[\"https:\\\/\\\/www.facebook.com\\\/jolerainc\\\/\",\"https:\\\/\\\/x.com\\\/jolera\",\"https:\\\/\\\/www.instagram.com\\\/jolerainc\\\/\",\"https:\\\/\\\/www.linkedin.com\\\/company\\\/jolera\\\/\",\"https:\\\/\\\/www.youtube.com\\\/@JoleraTV\"]}]}<\/script>\n<!-- \/ Yoast SEO plugin. -->","yoast_head_json":{"title":"Pol\u00edtica de uso aceptable | Jolera","description":"Lee la Pol\u00edtica de Uso Aceptable de Jolera en la que se describen los usos adecuados y prohibidos de nuestros servicios e infraestructura.","robots":{"index":"index","follow":"follow","max-snippet":"max-snippet:-1","max-image-preview":"max-image-preview:large","max-video-preview":"max-video-preview:-1"},"canonical":"https:\/\/www.jolera.com\/es\/politica-de-uso-aceptable\/","og_locale":"es_ES","og_type":"article","og_title":"Pol\u00edtica de uso aceptable | Jolera","og_description":"Lee la Pol\u00edtica de Uso Aceptable de Jolera en la que se describen los usos adecuados y prohibidos de nuestros servicios e infraestructura.","og_url":"https:\/\/www.jolera.com\/es\/politica-de-uso-aceptable\/","og_site_name":"Jolera","article_publisher":"https:\/\/www.facebook.com\/jolerainc\/","article_modified_time":"2025-05-27T14:51:48+00:00","twitter_card":"summary_large_image","twitter_site":"@jolera","twitter_misc":{"Tiempo de lectura":"5 minutos"},"schema":{"@context":"https:\/\/schema.org","@graph":[{"@type":"WebPage","@id":"https:\/\/www.jolera.com\/es\/politica-de-uso-aceptable\/","url":"https:\/\/www.jolera.com\/es\/politica-de-uso-aceptable\/","name":"Pol\u00edtica de uso aceptable | Jolera","isPartOf":{"@id":"https:\/\/www.jolera.com\/es\/#website"},"datePublished":"2024-09-02T10:50:49+00:00","dateModified":"2025-05-27T14:51:48+00:00","description":"Lee la Pol\u00edtica de Uso Aceptable de Jolera en la que se describen los usos adecuados y prohibidos de nuestros servicios e infraestructura.","breadcrumb":{"@id":"https:\/\/www.jolera.com\/es\/politica-de-uso-aceptable\/#breadcrumb"},"inLanguage":"es","potentialAction":[{"@type":"ReadAction","target":["https:\/\/www.jolera.com\/es\/politica-de-uso-aceptable\/"]}]},{"@type":"BreadcrumbList","@id":"https:\/\/www.jolera.com\/es\/politica-de-uso-aceptable\/#breadcrumb","itemListElement":[{"@type":"ListItem","position":1,"name":"Home","item":"https:\/\/www.jolera.com\/es\/"},{"@type":"ListItem","position":2,"name":"Pol\u00edtica de Uso Aceptable"}]},{"@type":"WebSite","@id":"https:\/\/www.jolera.com\/es\/#website","url":"https:\/\/www.jolera.com\/es\/","name":"Global Systems Integrator \u2013 IT & Cybersecurity","description":"Global Systems Integrator","publisher":{"@id":"https:\/\/www.jolera.com\/es\/#organization"},"potentialAction":[{"@type":"SearchAction","target":{"@type":"EntryPoint","urlTemplate":"https:\/\/www.jolera.com\/es\/?s={search_term_string}"},"query-input":{"@type":"PropertyValueSpecification","valueRequired":true,"valueName":"search_term_string"}}],"inLanguage":"es"},{"@type":"Organization","@id":"https:\/\/www.jolera.com\/es\/#organization","name":"Jolera","url":"https:\/\/www.jolera.com\/es\/","logo":{"@type":"ImageObject","inLanguage":"es","@id":"https:\/\/www.jolera.com\/es\/#\/schema\/logo\/image\/","url":"https:\/\/www.jolera.com\/wp-content\/uploads\/2024\/10\/Jolera-logo-blue-sq.png","contentUrl":"https:\/\/www.jolera.com\/wp-content\/uploads\/2024\/10\/Jolera-logo-blue-sq.png","width":400,"height":400,"caption":"Jolera"},"image":{"@id":"https:\/\/www.jolera.com\/es\/#\/schema\/logo\/image\/"},"sameAs":["https:\/\/www.facebook.com\/jolerainc\/","https:\/\/x.com\/jolera","https:\/\/www.instagram.com\/jolerainc\/","https:\/\/www.linkedin.com\/company\/jolera\/","https:\/\/www.youtube.com\/@JoleraTV"]}]}},"_links":{"self":[{"href":"https:\/\/www.jolera.com\/es\/wp-json\/wp\/v2\/pages\/239580","targetHints":{"allow":["GET"]}}],"collection":[{"href":"https:\/\/www.jolera.com\/es\/wp-json\/wp\/v2\/pages"}],"about":[{"href":"https:\/\/www.jolera.com\/es\/wp-json\/wp\/v2\/types\/page"}],"author":[{"embeddable":true,"href":"https:\/\/www.jolera.com\/es\/wp-json\/wp\/v2\/users\/1"}],"replies":[{"embeddable":true,"href":"https:\/\/www.jolera.com\/es\/wp-json\/wp\/v2\/comments?post=239580"}],"version-history":[{"count":0,"href":"https:\/\/www.jolera.com\/es\/wp-json\/wp\/v2\/pages\/239580\/revisions"}],"wp:attachment":[{"href":"https:\/\/www.jolera.com\/es\/wp-json\/wp\/v2\/media?parent=239580"}],"curies":[{"name":"wp","href":"https:\/\/api.w.org\/{rel}","templated":true}]}}