{"id":239579,"date":"2024-09-02T10:28:25","date_gmt":"2024-09-02T10:28:25","guid":{"rendered":"https:\/\/www.jolera.com\/politica-de-cookies\/"},"modified":"2025-05-27T14:51:09","modified_gmt":"2025-05-27T14:51:09","slug":"politica-de-cookies","status":"publish","type":"page","link":"https:\/\/www.jolera.com\/es\/politica-de-cookies\/","title":{"rendered":"Pol\u00edtica de Cookies"},"content":{"rendered":"<p>[et_pb_section fb_built=&#8221;1&#8243; _builder_version=&#8221;4.27.2&#8243; _module_preset=&#8221;default&#8221; custom_padding=&#8221;200px|32px||32px|false|false&#8221; hover_enabled=&#8221;0&#8243; da_disable_devices=&#8221;off|off|off&#8221; global_colors_info=&#8221;{}&#8221; custom_padding_last_edited=&#8221;on|tablet&#8221; sticky_enabled=&#8221;0&#8243; custom_padding_tablet=&#8221;140px||||false|false&#8221; da_is_popup=&#8221;off&#8221; da_exit_intent=&#8221;off&#8221; da_has_close=&#8221;on&#8221; da_alt_close=&#8221;off&#8221; da_dark_close=&#8221;off&#8221; da_not_modal=&#8221;on&#8221; da_is_singular=&#8221;off&#8221; da_with_loader=&#8221;off&#8221; da_has_shadow=&#8221;on&#8221; custom_padding_phone=&#8221;140px||||false|false&#8221;][et_pb_row custom_padding_last_edited=&#8221;on|desktop&#8221; _builder_version=&#8221;4.27.2&#8243; _module_preset=&#8221;default&#8221; width=&#8221;100%&#8221; custom_margin=&#8221;0px||||false|false&#8221; custom_padding_tablet=&#8221;&#8221; custom_padding_phone=&#8221;0px|0px||0px|false|false&#8221; hover_enabled=&#8221;0&#8243; global_colors_info=&#8221;{}&#8221; custom_padding=&#8221;0px||||false|false&#8221; sticky_enabled=&#8221;0&#8243;][et_pb_column type=&#8221;4_4&#8243; _builder_version=&#8221;4.27.0&#8243; _module_preset=&#8221;default&#8221; global_colors_info=&#8221;{}&#8221;][et_pb_code _builder_version=&#8221;4.27.2&#8243; _module_preset=&#8221;default&#8221; custom_margin=&#8221;0px||||false|false&#8221; custom_padding=&#8221;0px|0px||0px|false|false&#8221; custom_padding_tablet=&#8221;|0px||0px|false|false&#8221; custom_padding_phone=&#8221;|0px||0px|false|false&#8221; custom_padding_last_edited=&#8221;on|phone&#8221; hover_enabled=&#8221;0&#8243; global_colors_info=&#8221;{}&#8221; sticky_enabled=&#8221;0&#8243;]<\/p>\n<div class=\"header-title-container\"><!-- [et_pb_line_break_holder] -->    <\/p>\n<div class=\"header-title-text\"><!-- [et_pb_line_break_holder] --> Pol\u00edtica de Cookies<\/div>\n<p><!-- [et_pb_line_break_holder] -->  <\/div>\n<p><!-- [et_pb_line_break_holder] -->  <!-- [et_pb_line_break_holder] -->  <!-- [et_pb_line_break_holder] -->  <pee class=\"legal-center-typography\">Fecha de entrada en vigor: 27 Ago 2024<\/pee><!-- [et_pb_line_break_holder] -->  <!-- [et_pb_line_break_holder] -->  <pee class=\"legal-center-typography\"><b>Jolera Inc.<\/b> utiliza cookies y tecnolog\u00edas de seguimiento similares en nuestro <a href=\"http:\/\/www.jolera.com\" class=\"legal-center-blue-link\">sitio web<\/a> para mejorar su experiencia de navegaci\u00f3n, analizar el tr\u00e1fico del sitio, personalizar el contenido y servir anuncios dirigidos. Esta Pol\u00edtica de Cookies explica qu\u00e9 son las cookies, c\u00f3mo las utilizamos y sus opciones con respecto a su uso. <\/pee><!-- [et_pb_line_break_holder] -->  <!-- [et_pb_line_break_holder] -->  <pee class=\"legal-center-blue-title\">\u00bfQU\u00c9 SON LAS COOKIES?<\/pee><!-- [et_pb_line_break_holder] -->  <pee class=\"legal-center-typography\">Las cookies son peque\u00f1os archivos de texto que se almacenan en su dispositivo (ordenador, tableta o m\u00f3vil) cuando visita un sitio web. Se utilizan ampliamente para hacer que los sitios web funcionen de forma m\u00e1s eficiente, as\u00ed como para proporcionar informaci\u00f3n a los propietarios del sitio web. Las cookies pueden ser &#8220;cookies de sesi\u00f3n&#8221;, que se borran al cerrar el navegador, o &#8220;cookies persistentes&#8221;, que permanecen en su dispositivo hasta que caducan o usted las borra.  <\/pee><!-- [et_pb_line_break_holder] -->  <!-- [et_pb_line_break_holder] -->  <pee class=\"legal-center-blue-title\">TIPOS DE COOKIES QUE UTILIZAMOS<\/pee><!-- [et_pb_line_break_holder] -->  <pee class=\"legal-center-typography\">En nuestro sitio web utilizamos los siguientes tipos de cookies:<\/pee><!-- [et_pb_line_break_holder] --> <!-- [et_pb_line_break_holder] -->      <pee class=\"legal-center-typography\">2.1. <b>Cookies estrictamente necesarias:<\/b> Estas cookies son esenciales para el funcionamiento de nuestro Sitio Web y le permiten navegar por \u00e9l y utilizar sus funciones. Sin estas cookies, algunos servicios de nuestro Sitio Web podr\u00edan no estar disponibles. <\/pee><!-- [et_pb_line_break_holder] --><!-- [et_pb_line_break_holder] -->          <pee class=\"legal-center-typography\">Ejemplos: Cookies de autenticaci\u00f3n, cookies relacionadas con la seguridad, cookies de sesi\u00f3n.<\/pee><!-- [et_pb_line_break_holder] --><!-- [et_pb_line_break_holder] --><!-- [et_pb_line_break_holder] --><pee class=\"legal-center-typography\">2.2. <b>Cookies de rendimiento:<\/b> Estas cookies recopilan informaci\u00f3n sobre c\u00f3mo los visitantes utilizan nuestro sitio web, como qu\u00e9 p\u00e1ginas se visitan con m\u00e1s frecuencia y si reciben mensajes de error de las p\u00e1ginas web. Estas cookies no recogen informaci\u00f3n que identifique a un visitante. La informaci\u00f3n recogida es agregada y an\u00f3nima y se utiliza para mejorar el funcionamiento de nuestro Sitio Web.  <\/pee><!-- [et_pb_line_break_holder] -->          <pee class=\"legal-center-typography\">Ejemplos: Cookies anal\u00edticas (por ejemplo, Google Analytics).<\/pee><!-- [et_pb_line_break_holder] -->      <pee class=\"legal-center-typography\">2.3. <b>Cookies funcionales:<\/b> Estas cookies permiten a nuestro sitio web recordar las elecciones que usted realiza (como su nombre de usuario, idioma o regi\u00f3n) y proporcionar funciones mejoradas y m\u00e1s personalizadas. Tambi\u00e9n pueden utilizarse para proporcionar servicios que usted haya solicitado, como ver un v\u00eddeo o comentar en un blog. La informaci\u00f3n que recopilan estas cookies puede ser an\u00f3nima y no pueden rastrear su actividad de navegaci\u00f3n en otros sitios web.  <\/pee><!-- [et_pb_line_break_holder] -->          <pee class=\"legal-center-typography\">Ejemplos: Cookies de preferencias del usuario, cookies de localizaci\u00f3n.<\/pee><!-- [et_pb_line_break_holder] --><!-- [et_pb_line_break_holder] --><!-- [et_pb_line_break_holder] -->      <pee class=\"legal-center-typography\">2.4<b>.Cookies de segmentaci\u00f3n\/publicidad:<\/b> Estas cookies se utilizan para ofrecer anuncios que sean relevantes para usted y sus intereses. Nos ayudan a comprender sus h\u00e1bitos de navegaci\u00f3n y a adaptar los anuncios que ve en funci\u00f3n de sus interacciones anteriores con nuestro sitio web y otros sitios web. Tambi\u00e9n pueden limitar el n\u00famero de veces que ve un anuncio y medir la eficacia de las campa\u00f1as publicitarias.  <\/pee><!-- [et_pb_line_break_holder] -->          <pee class=\"legal-center-typography\">Ejemplos: Cookies de redes publicitarias de terceros (por ejemplo, Google Ads, Facebook Ads).<\/pee><!-- [et_pb_line_break_holder] -->  <!-- [et_pb_line_break_holder] -->  <pee class=\"legal-center-blue-title\">C\u00d3MO UTILIZAMOS LAS COOKIES<\/pee><!-- [et_pb_line_break_holder] -->  <pee class=\"legal-center-typography\">Utilizamos cookies con varios fines, entre ellos:<\/pee><!-- [et_pb_line_break_holder] -->  <\/p>\n<ul class=\"legal-center-typography\"><!-- [et_pb_line_break_holder] -->      <\/p>\n<li class=\"legal-center-typography\">&#8211; Mejorar la experiencia del usuario: Para recordar sus preferencias y proporcionarle una experiencia m\u00e1s personalizada.<\/li>\n<p><!-- [et_pb_line_break_holder] -->      <\/p>\n<li class=\"legal-center-typography\">&#8211; Funcionalidad del Sitio Web: Para garantizar que las funciones esenciales de nuestro Sitio Web funcionan correctamente.<\/li>\n<p><!-- [et_pb_line_break_holder] -->      <\/p>\n<li class=\"legal-center-typography\">&#8211; Rendimiento y an\u00e1lisis: Para recopilar datos sobre c\u00f3mo interact\u00faan los visitantes con nuestro sitio web para mejorar su rendimiento y funcionalidad.<\/li>\n<p><!-- [et_pb_line_break_holder] -->      <\/p>\n<li class=\"legal-center-typography\">&#8211; Publicidad y segmentaci\u00f3n: Para publicar anuncios relevantes y realizar un seguimiento de la eficacia de nuestros esfuerzos publicitarios.<\/li>\n<p><!-- [et_pb_line_break_holder] -->  <\/ul>\n<p><!-- [et_pb_line_break_holder] -->  <!-- [et_pb_line_break_holder] -->  <pee class=\"legal-center-blue-title\">GESTI\u00d3N DE COOKIES<\/pee><!-- [et_pb_line_break_holder] -->  <pee class=\"legal-center-typography\">Usted tiene control sobre las cookies y puede gestionar sus preferencias a trav\u00e9s de la configuraci\u00f3n de su navegador. La mayor\u00eda de los navegadores le permiten: <\/pee><!-- [et_pb_line_break_holder] -->  <\/p>\n<ul class=\"legal-center-typography\"><!-- [et_pb_line_break_holder] -->      <\/p>\n<li class=\"legal-center-typography\">&#8211; Ver y eliminar cookies.<\/li>\n<p><!-- [et_pb_line_break_holder] -->      <\/p>\n<li class=\"legal-center-typography\">&#8211; Bloquee las cookies de sitios espec\u00edficos o de todos los sitios.<\/li>\n<p><!-- [et_pb_line_break_holder] -->      <\/p>\n<li class=\"legal-center-typography\">&#8211; Configure su navegador para que le avise cuando se instale una cookie en su dispositivo.<\/li>\n<p><!-- [et_pb_line_break_holder] -->  <\/ul>\n<p><!-- [et_pb_line_break_holder] -->  <pee class=\"legal-center-typography\">Tenga en cuenta que desactivar las cookies puede afectar a la funcionalidad de nuestro sitio web y limitar su capacidad para acceder a determinadas funciones o servicios.<\/pee><!-- [et_pb_line_break_holder] -->  <!-- [et_pb_line_break_holder] -->  <pee class=\"legal-center-blue-title\">COOKIES DE TERCEROS<\/pee><!-- [et_pb_line_break_holder] -->  <pee class=\"legal-center-typography\">Nuestro Sitio Web puede contener cookies de terceros proveedores de servicios, incluidos socios anal\u00edticos y publicitarios. Estos terceros pueden utilizar cookies para recopilar informaci\u00f3n sobre sus actividades en nuestro Sitio web y en otros sitios web. Nosotros no controlamos estas cookies ni la informaci\u00f3n recopilada por estos terceros. Para m\u00e1s informaci\u00f3n sobre el uso que estos terceros hacen de las cookies y sus derechos, consulte sus respectivas pol\u00edticas de privacidad.   <\/pee><!-- [et_pb_line_break_holder] -->  <!-- [et_pb_line_break_holder] -->  <pee class=\"legal-center-blue-title\">CAMBIOS EN ESTA POL\u00cdTICA DE COOKIES<\/pee><!-- [et_pb_line_break_holder] -->  <pee class=\"legal-center-typography\">Podemos actualizar esta Pol\u00edtica de Cookies de vez en cuando para reflejar cambios en nuestras pr\u00e1cticas o requisitos legales. Cualquier cambio ser\u00e1 publicado en esta p\u00e1gina con una fecha de vigencia actualizada. Su uso continuado de nuestro Sitio Web despu\u00e9s de la fecha efectiva de cualquier cambio constituye su aceptaci\u00f3n de la Pol\u00edtica de Cookies revisada.  <\/pee><!-- [et_pb_line_break_holder] -->  <!-- [et_pb_line_break_holder] -->  <pee class=\"legal-center-blue-title\">INFORMACI\u00d3N DE CONTACTO<\/pee><!-- [et_pb_line_break_holder] -->  <pee class=\"legal-center-typography\">Si tiene alguna pregunta sobre esta Pol\u00edtica de Cookies o sobre nuestro uso de las cookies, p\u00f3ngase en contacto con nosotros en:<!-- [et_pb_line_break_holder] --> <a class=\"legal-center-blue-link\" href=\"mailto:info@jolera.com\">info@jolera.com<\/a><\/pee><!-- [et_pb_line_break_holder] -->  <!-- [et_pb_line_break_holder] -->  <pee class=\"legal-center-typography\">Jolera Inc.<!\u2013- [et_pb_br_holder] -\u2013><!-- [et_pb_line_break_holder] --> 365 Bloor St E 2nd floor<!\u2013- [et_pb_br_holder] -\u2013><!-- [et_pb_line_break_holder] --> Toronto, ON M4W 3L4, Canada<!\u2013- [et_pb_br_holder] -\u2013><!-- [et_pb_line_break_holder] --> +1 416 410-1011<\/pee><!-- [et_pb_line_break_holder] -->  <!-- [et_pb_line_break_holder] -->  <pee class=\"legal-center-typography\">O<\/pee><!-- [et_pb_line_break_holder] -->  <!-- [et_pb_line_break_holder] -->  <pee class=\"legal-center-typography\">Jolera Inc.<!\u2013- [et_pb_br_holder] -\u2013><!-- [et_pb_line_break_holder] -->  Av. da Boavista 2099 <!\u2013- [et_pb_br_holder] -\u2013><!-- [et_pb_line_break_holder] -->  4100-100 Oporto, Portugal<!\u2013- [et_pb_br_holder] -\u2013><!-- [et_pb_line_break_holder] -->  +351 226 000 110<\/pee>[\/et_pb_code][\/et_pb_column][\/et_pb_row][\/et_pb_section]<\/p>\n","protected":false},"excerpt":{"rendered":"","protected":false},"author":1,"featured_media":0,"parent":0,"menu_order":0,"comment_status":"closed","ping_status":"closed","template":"","meta":{"_et_pb_use_builder":"on","_et_pb_old_content":"","_et_gb_content_width":"","inline_featured_image":false,"footnotes":""},"class_list":["post-239579","page","type-page","status-publish","hentry"],"yoast_head":"<!-- This site is optimized with the Yoast SEO plugin v27.5 - https:\/\/yoast.com\/product\/yoast-seo-wordpress\/ -->\n<title>Pol\u00edtica de Cookies | Jolera<\/title>\n<meta name=\"robots\" content=\"index, follow, max-snippet:-1, max-image-preview:large, max-video-preview:-1\" \/>\n<link rel=\"canonical\" href=\"https:\/\/www.jolera.com\/es\/politica-de-cookies\/\" \/>\n<meta property=\"og:locale\" content=\"es_ES\" \/>\n<meta property=\"og:type\" content=\"article\" \/>\n<meta property=\"og:title\" content=\"Pol\u00edtica de Cookies | Jolera\" \/>\n<meta property=\"og:url\" content=\"https:\/\/www.jolera.com\/es\/politica-de-cookies\/\" \/>\n<meta property=\"og:site_name\" content=\"Jolera\" \/>\n<meta property=\"article:publisher\" content=\"https:\/\/www.facebook.com\/jolerainc\/\" \/>\n<meta property=\"article:modified_time\" content=\"2025-05-27T14:51:09+00:00\" \/>\n<meta name=\"twitter:card\" content=\"summary_large_image\" \/>\n<meta name=\"twitter:site\" content=\"@jolera\" \/>\n<meta name=\"twitter:label1\" content=\"Tiempo de lectura\" \/>\n\t<meta name=\"twitter:data1\" content=\"5 minutos\" \/>\n<script type=\"application\/ld+json\" class=\"yoast-schema-graph\">{\"@context\":\"https:\\\/\\\/schema.org\",\"@graph\":[{\"@type\":\"WebPage\",\"@id\":\"https:\\\/\\\/www.jolera.com\\\/es\\\/politica-de-cookies\\\/\",\"url\":\"https:\\\/\\\/www.jolera.com\\\/es\\\/politica-de-cookies\\\/\",\"name\":\"Pol\u00edtica de Cookies | Jolera\",\"isPartOf\":{\"@id\":\"https:\\\/\\\/www.jolera.com\\\/es\\\/#website\"},\"datePublished\":\"2024-09-02T10:28:25+00:00\",\"dateModified\":\"2025-05-27T14:51:09+00:00\",\"breadcrumb\":{\"@id\":\"https:\\\/\\\/www.jolera.com\\\/es\\\/politica-de-cookies\\\/#breadcrumb\"},\"inLanguage\":\"es\",\"potentialAction\":[{\"@type\":\"ReadAction\",\"target\":[\"https:\\\/\\\/www.jolera.com\\\/es\\\/politica-de-cookies\\\/\"]}]},{\"@type\":\"BreadcrumbList\",\"@id\":\"https:\\\/\\\/www.jolera.com\\\/es\\\/politica-de-cookies\\\/#breadcrumb\",\"itemListElement\":[{\"@type\":\"ListItem\",\"position\":1,\"name\":\"Home\",\"item\":\"https:\\\/\\\/www.jolera.com\\\/es\\\/\"},{\"@type\":\"ListItem\",\"position\":2,\"name\":\"Pol\u00edtica de Cookies\"}]},{\"@type\":\"WebSite\",\"@id\":\"https:\\\/\\\/www.jolera.com\\\/es\\\/#website\",\"url\":\"https:\\\/\\\/www.jolera.com\\\/es\\\/\",\"name\":\"Global Systems Integrator \u2013 IT & Cybersecurity\",\"description\":\"Global Systems Integrator\",\"publisher\":{\"@id\":\"https:\\\/\\\/www.jolera.com\\\/es\\\/#organization\"},\"potentialAction\":[{\"@type\":\"SearchAction\",\"target\":{\"@type\":\"EntryPoint\",\"urlTemplate\":\"https:\\\/\\\/www.jolera.com\\\/es\\\/?s={search_term_string}\"},\"query-input\":{\"@type\":\"PropertyValueSpecification\",\"valueRequired\":true,\"valueName\":\"search_term_string\"}}],\"inLanguage\":\"es\"},{\"@type\":\"Organization\",\"@id\":\"https:\\\/\\\/www.jolera.com\\\/es\\\/#organization\",\"name\":\"Jolera\",\"url\":\"https:\\\/\\\/www.jolera.com\\\/es\\\/\",\"logo\":{\"@type\":\"ImageObject\",\"inLanguage\":\"es\",\"@id\":\"https:\\\/\\\/www.jolera.com\\\/es\\\/#\\\/schema\\\/logo\\\/image\\\/\",\"url\":\"https:\\\/\\\/www.jolera.com\\\/wp-content\\\/uploads\\\/2024\\\/10\\\/Jolera-logo-blue-sq.png\",\"contentUrl\":\"https:\\\/\\\/www.jolera.com\\\/wp-content\\\/uploads\\\/2024\\\/10\\\/Jolera-logo-blue-sq.png\",\"width\":400,\"height\":400,\"caption\":\"Jolera\"},\"image\":{\"@id\":\"https:\\\/\\\/www.jolera.com\\\/es\\\/#\\\/schema\\\/logo\\\/image\\\/\"},\"sameAs\":[\"https:\\\/\\\/www.facebook.com\\\/jolerainc\\\/\",\"https:\\\/\\\/x.com\\\/jolera\",\"https:\\\/\\\/www.instagram.com\\\/jolerainc\\\/\",\"https:\\\/\\\/www.linkedin.com\\\/company\\\/jolera\\\/\",\"https:\\\/\\\/www.youtube.com\\\/@JoleraTV\"]}]}<\/script>\n<!-- \/ Yoast SEO plugin. -->","yoast_head_json":{"title":"Pol\u00edtica de Cookies | Jolera","robots":{"index":"index","follow":"follow","max-snippet":"max-snippet:-1","max-image-preview":"max-image-preview:large","max-video-preview":"max-video-preview:-1"},"canonical":"https:\/\/www.jolera.com\/es\/politica-de-cookies\/","og_locale":"es_ES","og_type":"article","og_title":"Pol\u00edtica de Cookies | Jolera","og_url":"https:\/\/www.jolera.com\/es\/politica-de-cookies\/","og_site_name":"Jolera","article_publisher":"https:\/\/www.facebook.com\/jolerainc\/","article_modified_time":"2025-05-27T14:51:09+00:00","twitter_card":"summary_large_image","twitter_site":"@jolera","twitter_misc":{"Tiempo de lectura":"5 minutos"},"schema":{"@context":"https:\/\/schema.org","@graph":[{"@type":"WebPage","@id":"https:\/\/www.jolera.com\/es\/politica-de-cookies\/","url":"https:\/\/www.jolera.com\/es\/politica-de-cookies\/","name":"Pol\u00edtica de Cookies | Jolera","isPartOf":{"@id":"https:\/\/www.jolera.com\/es\/#website"},"datePublished":"2024-09-02T10:28:25+00:00","dateModified":"2025-05-27T14:51:09+00:00","breadcrumb":{"@id":"https:\/\/www.jolera.com\/es\/politica-de-cookies\/#breadcrumb"},"inLanguage":"es","potentialAction":[{"@type":"ReadAction","target":["https:\/\/www.jolera.com\/es\/politica-de-cookies\/"]}]},{"@type":"BreadcrumbList","@id":"https:\/\/www.jolera.com\/es\/politica-de-cookies\/#breadcrumb","itemListElement":[{"@type":"ListItem","position":1,"name":"Home","item":"https:\/\/www.jolera.com\/es\/"},{"@type":"ListItem","position":2,"name":"Pol\u00edtica de Cookies"}]},{"@type":"WebSite","@id":"https:\/\/www.jolera.com\/es\/#website","url":"https:\/\/www.jolera.com\/es\/","name":"Global Systems Integrator \u2013 IT & Cybersecurity","description":"Global Systems Integrator","publisher":{"@id":"https:\/\/www.jolera.com\/es\/#organization"},"potentialAction":[{"@type":"SearchAction","target":{"@type":"EntryPoint","urlTemplate":"https:\/\/www.jolera.com\/es\/?s={search_term_string}"},"query-input":{"@type":"PropertyValueSpecification","valueRequired":true,"valueName":"search_term_string"}}],"inLanguage":"es"},{"@type":"Organization","@id":"https:\/\/www.jolera.com\/es\/#organization","name":"Jolera","url":"https:\/\/www.jolera.com\/es\/","logo":{"@type":"ImageObject","inLanguage":"es","@id":"https:\/\/www.jolera.com\/es\/#\/schema\/logo\/image\/","url":"https:\/\/www.jolera.com\/wp-content\/uploads\/2024\/10\/Jolera-logo-blue-sq.png","contentUrl":"https:\/\/www.jolera.com\/wp-content\/uploads\/2024\/10\/Jolera-logo-blue-sq.png","width":400,"height":400,"caption":"Jolera"},"image":{"@id":"https:\/\/www.jolera.com\/es\/#\/schema\/logo\/image\/"},"sameAs":["https:\/\/www.facebook.com\/jolerainc\/","https:\/\/x.com\/jolera","https:\/\/www.instagram.com\/jolerainc\/","https:\/\/www.linkedin.com\/company\/jolera\/","https:\/\/www.youtube.com\/@JoleraTV"]}]}},"_links":{"self":[{"href":"https:\/\/www.jolera.com\/es\/wp-json\/wp\/v2\/pages\/239579","targetHints":{"allow":["GET"]}}],"collection":[{"href":"https:\/\/www.jolera.com\/es\/wp-json\/wp\/v2\/pages"}],"about":[{"href":"https:\/\/www.jolera.com\/es\/wp-json\/wp\/v2\/types\/page"}],"author":[{"embeddable":true,"href":"https:\/\/www.jolera.com\/es\/wp-json\/wp\/v2\/users\/1"}],"replies":[{"embeddable":true,"href":"https:\/\/www.jolera.com\/es\/wp-json\/wp\/v2\/comments?post=239579"}],"version-history":[{"count":0,"href":"https:\/\/www.jolera.com\/es\/wp-json\/wp\/v2\/pages\/239579\/revisions"}],"wp:attachment":[{"href":"https:\/\/www.jolera.com\/es\/wp-json\/wp\/v2\/media?parent=239579"}],"curies":[{"name":"wp","href":"https:\/\/api.w.org\/{rel}","templated":true}]}}